{"id":12,"date":"2020-02-19T22:18:28","date_gmt":"2020-02-19T21:18:28","guid":{"rendered":"http:\/\/www.stcornierenfete.fr\/?page_id=12"},"modified":"2025-03-17T11:35:36","modified_gmt":"2025-03-17T10:35:36","slug":"le-comite","status":"publish","type":"page","link":"https:\/\/www.stcornierenfete.fr\/index.php\/le-comite\/","title":{"rendered":"Le comit\u00e9"},"content":{"rendered":"\n<p><u>Composition des membres du bureau en 2025 :<\/u><\/p>\n\n\n\n<ul class=\"wp-block-list\">\n<li><strong>Pr\u00e9sident d&rsquo;honneur :<\/strong> M. CAUCHON Henri<\/li>\n\n\n\n<li><strong>Pr\u00e9sident :<\/strong> M. DAMAS Est\u00e9ban<\/li>\n\n\n\n<li><strong>Vice-pr\u00e9sident :<\/strong> M. CHESNAIS Franck<\/li>\n\n\n\n<li><strong>Tr\u00e9sorier :<\/strong> M. HAMON Philippe<\/li>\n\n\n\n<li><strong>Secr\u00e9taire<\/strong> : Mme AUBERGER Marion<\/li>\n\n\n\n<li>M. AUBERGER Benoit<\/li>\n\n\n\n<li>Mme BAZIN Marie-Ange <\/li>\n\n\n\n<li>M. BERTHOUT Alexandre<\/li>\n\n\n\n<li>M. DAVID S\u00e9bastien<\/li>\n\n\n\n<li>M. DUBOIS Bernard<\/li>\n\n\n\n<li>M. DUBOIS Ren\u00e9<\/li>\n\n\n\n<li>M. HEUDE Ludovic<\/li>\n\n\n\n<li>M. HEUDE Maxime<\/li>\n\n\n\n<li>M. LECORNU Jean-Claude<\/li>\n\n\n\n<li>M. LEGOT J\u00e9rome<\/li>\n\n\n\n<li>M. PELLERIN Philippe<\/li>\n\n\n\n<li>M. ROMUALD K\u00e9vin <em>(Administrateur du site)<\/em><\/li>\n\n\n\n<li>M. THOMAS Claude<\/li>\n<\/ul>\n\n\n\n<hr class=\"wp-block-separator has-alpha-channel-opacity is-style-wide\"\/>\n\n\n\n<p><u>Compte rendu :<\/u><\/p>\n\n\n\n<p><a href=\"https:\/\/www.stcornierenfete.fr\/documents\/Compte-rendu-AG-2025.pdf\" target=\"_blank\" rel=\"noreferrer noopener\">Compte rendu de l&rsquo;assembl\u00e9e g\u00e9n\u00e9rale 2025<\/a><\/p>\n","protected":false},"excerpt":{"rendered":"<p>Composition des membres du bureau en 2025 : Compte rendu : Compte rendu de l&rsquo;assembl\u00e9e g\u00e9n\u00e9rale 2025<\/p>\n","protected":false},"author":1,"featured_media":0,"parent":0,"menu_order":0,"comment_status":"closed","ping_status":"closed","template":"","meta":{"footnotes":""},"class_list":["post-12","page","type-page","status-publish","hentry"],"yoast_head":"<!-- This site is optimized with the Yoast SEO plugin v27.5 - https:\/\/yoast.com\/product\/yoast-seo-wordpress\/ -->\n<title>Le comit\u00e9 - St Cornier en F\u00eate !<\/title>\n<meta name=\"description\" content=\"Pr\u00e9sentation des membres du bureau du comit\u00e9 des f\u00eates de St Cornier des Landes.\" \/>\n<meta name=\"robots\" content=\"index, follow, max-snippet:-1, max-image-preview:large, max-video-preview:-1\" \/>\n<link rel=\"canonical\" href=\"https:\/\/www.stcornierenfete.fr\/index.php\/le-comite\/\" \/>\n<meta property=\"og:locale\" content=\"fr_FR\" \/>\n<meta property=\"og:type\" content=\"article\" \/>\n<meta property=\"og:title\" content=\"Le comit\u00e9 - St Cornier en F\u00eate !\" \/>\n<meta property=\"og:description\" content=\"Pr\u00e9sentation des membres du bureau du comit\u00e9 des f\u00eates de St Cornier des Landes.\" \/>\n<meta property=\"og:url\" content=\"https:\/\/www.stcornierenfete.fr\/index.php\/le-comite\/\" \/>\n<meta property=\"og:site_name\" content=\"St Cornier en F\u00eate !\" \/>\n<meta property=\"article:modified_time\" content=\"2025-03-17T10:35:36+00:00\" \/>\n<meta name=\"twitter:card\" content=\"summary_large_image\" \/>\n<meta name=\"twitter:label1\" content=\"Dur\u00e9e de lecture estim\u00e9e\" \/>\n\t<meta name=\"twitter:data1\" content=\"1 minute\" \/>\n<script type=\"application\/ld+json\" class=\"yoast-schema-graph\">{\"@context\":\"https:\\\/\\\/schema.org\",\"@graph\":[{\"@type\":\"WebPage\",\"@id\":\"https:\\\/\\\/www.stcornierenfete.fr\\\/index.php\\\/le-comite\\\/\",\"url\":\"https:\\\/\\\/www.stcornierenfete.fr\\\/index.php\\\/le-comite\\\/\",\"name\":\"Le comit\u00e9 - St Cornier en F\u00eate !\",\"isPartOf\":{\"@id\":\"https:\\\/\\\/www.stcornierenfete.fr\\\/#website\"},\"datePublished\":\"2020-02-19T21:18:28+00:00\",\"dateModified\":\"2025-03-17T10:35:36+00:00\",\"description\":\"Pr\u00e9sentation des membres du bureau du comit\u00e9 des f\u00eates de St Cornier des Landes.\",\"breadcrumb\":{\"@id\":\"https:\\\/\\\/www.stcornierenfete.fr\\\/index.php\\\/le-comite\\\/#breadcrumb\"},\"inLanguage\":\"fr-FR\",\"potentialAction\":[{\"@type\":\"ReadAction\",\"target\":[\"https:\\\/\\\/www.stcornierenfete.fr\\\/index.php\\\/le-comite\\\/\"]}]},{\"@type\":\"BreadcrumbList\",\"@id\":\"https:\\\/\\\/www.stcornierenfete.fr\\\/index.php\\\/le-comite\\\/#breadcrumb\",\"itemListElement\":[{\"@type\":\"ListItem\",\"position\":1,\"name\":\"Accueil\",\"item\":\"https:\\\/\\\/www.stcornierenfete.fr\\\/\"},{\"@type\":\"ListItem\",\"position\":2,\"name\":\"Le comit\u00e9\"}]},{\"@type\":\"WebSite\",\"@id\":\"https:\\\/\\\/www.stcornierenfete.fr\\\/#website\",\"url\":\"https:\\\/\\\/www.stcornierenfete.fr\\\/\",\"name\":\"St Cornier en F\u00eate !\",\"description\":\"Comit\u00e9 des f\u00eates de St Cornier des Landes\",\"publisher\":{\"@id\":\"https:\\\/\\\/www.stcornierenfete.fr\\\/#organization\"},\"potentialAction\":[{\"@type\":\"SearchAction\",\"target\":{\"@type\":\"EntryPoint\",\"urlTemplate\":\"https:\\\/\\\/www.stcornierenfete.fr\\\/?s={search_term_string}\"},\"query-input\":{\"@type\":\"PropertyValueSpecification\",\"valueRequired\":true,\"valueName\":\"search_term_string\"}}],\"inLanguage\":\"fr-FR\"},{\"@type\":\"Organization\",\"@id\":\"https:\\\/\\\/www.stcornierenfete.fr\\\/#organization\",\"name\":\"Comit\u00e9 des f\u00eates de St Cornier des Landes\",\"url\":\"https:\\\/\\\/www.stcornierenfete.fr\\\/\",\"logo\":{\"@type\":\"ImageObject\",\"inLanguage\":\"fr-FR\",\"@id\":\"https:\\\/\\\/www.stcornierenfete.fr\\\/#\\\/schema\\\/logo\\\/image\\\/\",\"url\":\"https:\\\/\\\/www.stcornierenfete.fr\\\/wp-content\\\/uploads\\\/2020\\\/02\\\/Logo-Comite-160-x-58.jpg\",\"contentUrl\":\"https:\\\/\\\/www.stcornierenfete.fr\\\/wp-content\\\/uploads\\\/2020\\\/02\\\/Logo-Comite-160-x-58.jpg\",\"width\":160,\"height\":58,\"caption\":\"Comit\u00e9 des f\u00eates de St Cornier des Landes\"},\"image\":{\"@id\":\"https:\\\/\\\/www.stcornierenfete.fr\\\/#\\\/schema\\\/logo\\\/image\\\/\"}}]}<\/script>\n<!-- \/ Yoast SEO plugin. -->","yoast_head_json":{"title":"Le comit\u00e9 - St Cornier en F\u00eate !","description":"Pr\u00e9sentation des membres du bureau du comit\u00e9 des f\u00eates de St Cornier des Landes.","robots":{"index":"index","follow":"follow","max-snippet":"max-snippet:-1","max-image-preview":"max-image-preview:large","max-video-preview":"max-video-preview:-1"},"canonical":"https:\/\/www.stcornierenfete.fr\/index.php\/le-comite\/","og_locale":"fr_FR","og_type":"article","og_title":"Le comit\u00e9 - St Cornier en F\u00eate !","og_description":"Pr\u00e9sentation des membres du bureau du comit\u00e9 des f\u00eates de St Cornier des Landes.","og_url":"https:\/\/www.stcornierenfete.fr\/index.php\/le-comite\/","og_site_name":"St Cornier en F\u00eate !","article_modified_time":"2025-03-17T10:35:36+00:00","twitter_card":"summary_large_image","twitter_misc":{"Dur\u00e9e de lecture estim\u00e9e":"1 minute"},"schema":{"@context":"https:\/\/schema.org","@graph":[{"@type":"WebPage","@id":"https:\/\/www.stcornierenfete.fr\/index.php\/le-comite\/","url":"https:\/\/www.stcornierenfete.fr\/index.php\/le-comite\/","name":"Le comit\u00e9 - St Cornier en F\u00eate !","isPartOf":{"@id":"https:\/\/www.stcornierenfete.fr\/#website"},"datePublished":"2020-02-19T21:18:28+00:00","dateModified":"2025-03-17T10:35:36+00:00","description":"Pr\u00e9sentation des membres du bureau du comit\u00e9 des f\u00eates de St Cornier des Landes.","breadcrumb":{"@id":"https:\/\/www.stcornierenfete.fr\/index.php\/le-comite\/#breadcrumb"},"inLanguage":"fr-FR","potentialAction":[{"@type":"ReadAction","target":["https:\/\/www.stcornierenfete.fr\/index.php\/le-comite\/"]}]},{"@type":"BreadcrumbList","@id":"https:\/\/www.stcornierenfete.fr\/index.php\/le-comite\/#breadcrumb","itemListElement":[{"@type":"ListItem","position":1,"name":"Accueil","item":"https:\/\/www.stcornierenfete.fr\/"},{"@type":"ListItem","position":2,"name":"Le comit\u00e9"}]},{"@type":"WebSite","@id":"https:\/\/www.stcornierenfete.fr\/#website","url":"https:\/\/www.stcornierenfete.fr\/","name":"St Cornier en F\u00eate !","description":"Comit\u00e9 des f\u00eates de St Cornier des Landes","publisher":{"@id":"https:\/\/www.stcornierenfete.fr\/#organization"},"potentialAction":[{"@type":"SearchAction","target":{"@type":"EntryPoint","urlTemplate":"https:\/\/www.stcornierenfete.fr\/?s={search_term_string}"},"query-input":{"@type":"PropertyValueSpecification","valueRequired":true,"valueName":"search_term_string"}}],"inLanguage":"fr-FR"},{"@type":"Organization","@id":"https:\/\/www.stcornierenfete.fr\/#organization","name":"Comit\u00e9 des f\u00eates de St Cornier des Landes","url":"https:\/\/www.stcornierenfete.fr\/","logo":{"@type":"ImageObject","inLanguage":"fr-FR","@id":"https:\/\/www.stcornierenfete.fr\/#\/schema\/logo\/image\/","url":"https:\/\/www.stcornierenfete.fr\/wp-content\/uploads\/2020\/02\/Logo-Comite-160-x-58.jpg","contentUrl":"https:\/\/www.stcornierenfete.fr\/wp-content\/uploads\/2020\/02\/Logo-Comite-160-x-58.jpg","width":160,"height":58,"caption":"Comit\u00e9 des f\u00eates de St Cornier des Landes"},"image":{"@id":"https:\/\/www.stcornierenfete.fr\/#\/schema\/logo\/image\/"}}]}},"_links":{"self":[{"href":"https:\/\/www.stcornierenfete.fr\/index.php\/wp-json\/wp\/v2\/pages\/12","targetHints":{"allow":["GET"]}}],"collection":[{"href":"https:\/\/www.stcornierenfete.fr\/index.php\/wp-json\/wp\/v2\/pages"}],"about":[{"href":"https:\/\/www.stcornierenfete.fr\/index.php\/wp-json\/wp\/v2\/types\/page"}],"author":[{"embeddable":true,"href":"https:\/\/www.stcornierenfete.fr\/index.php\/wp-json\/wp\/v2\/users\/1"}],"replies":[{"embeddable":true,"href":"https:\/\/www.stcornierenfete.fr\/index.php\/wp-json\/wp\/v2\/comments?post=12"}],"version-history":[{"count":23,"href":"https:\/\/www.stcornierenfete.fr\/index.php\/wp-json\/wp\/v2\/pages\/12\/revisions"}],"predecessor-version":[{"id":1757,"href":"https:\/\/www.stcornierenfete.fr\/index.php\/wp-json\/wp\/v2\/pages\/12\/revisions\/1757"}],"wp:attachment":[{"href":"https:\/\/www.stcornierenfete.fr\/index.php\/wp-json\/wp\/v2\/media?parent=12"}],"curies":[{"name":"wp","href":"https:\/\/api.w.org\/{rel}","templated":true}]}}