{"id":1691,"date":"2025-02-13T12:22:35","date_gmt":"2025-02-13T11:22:35","guid":{"rendered":"https:\/\/www.stcornierenfete.fr\/?page_id=1691"},"modified":"2026-02-08T15:44:04","modified_gmt":"2026-02-08T14:44:04","slug":"marche-de-noel","status":"publish","type":"page","link":"https:\/\/www.stcornierenfete.fr\/index.php\/marche-de-noel\/","title":{"rendered":"March\u00e9 de No\u00ebl"},"content":{"rendered":"\n<p>En 2024, l&rsquo;\u00e9picerie \u00ab\u00a0Epi Service\u00a0\u00bb, en association avec le comit\u00e9 des f\u00eates et l&rsquo;APE, a cr\u00e9\u00e9 le march\u00e9 de No\u00ebl de St Cornier des Landes !<\/p>\n\n\n\n<p>Apr\u00e8s deux ann\u00e9es de succ\u00e8s, nous organisons \u00e0 nouveau le march\u00e9 de No\u00ebl.<\/p>\n\n\n\n<p>En cette ann\u00e9e 2026, le march\u00e9 se d\u00e9roulera le samedi 12 d\u00e9cembre.<\/p>\n\n\n\n<p>Une tombola avec un panier garni \u00e0 gagner, est organis\u00e9e.<\/p>\n\n\n\n<p><strong>Etaient pr\u00e9sents l&rsquo;ann\u00e9e derni\u00e8re :<\/strong><\/p>\n\n\n\n<ul class=\"wp-block-list\">\n<li>Le P\u00e8re No\u00ebl (bien \u00e9videmment \ud83d\ude09 )<\/li>\n\n\n\n<li>Le comit\u00e9 des f\u00eates pour la <u>restauration sal\u00e9e<\/u> (baguettes alsaciennes et boissons froides : softs et bi\u00e8res)<\/li>\n\n\n\n<li>L&rsquo;association des parents d&rsquo;\u00e9l\u00e8ves de l&rsquo;\u00e9cole pour la <u>restauration sucr\u00e9e<\/u> (chocolats et vins chauds, caf\u00e9, caf\u00e9s latte, cr\u00eapes et gaufres), ainsi que la vente de cr\u00e9ations confectionn\u00e9es par les enfants \u00e0 l&rsquo;\u00e9cole<\/li>\n\n\n\n<li>Plus d&rsquo;une vingtaine d&rsquo;artisans\/exposants<\/li>\n\n\n\n<li>Un photographe<\/li>\n\n\n\n<li>Une maquilleuse pour les enfants<\/li>\n\n\n\n<li>Un atelier cr\u00e9ation pour les enfants<\/li>\n<\/ul>\n\n\n\n<p><u><strong>Quelques de la premi\u00e8re ann\u00e9e :<\/strong><\/u><\/p>\n\n\n\n<figure class=\"wp-block-gallery has-nested-images columns-default is-cropped wp-block-gallery-1 is-layout-flex wp-block-gallery-is-layout-flex\">\n<figure class=\"wp-block-image size-large\"><img loading=\"lazy\" decoding=\"async\" width=\"1024\" height=\"768\" data-id=\"1703\" src=\"https:\/\/www.stcornierenfete.fr\/wp-content\/uploads\/2025\/02\/IMG_7952-1024x768.jpg\" alt=\"\" class=\"wp-image-1703\" srcset=\"https:\/\/www.stcornierenfete.fr\/wp-content\/uploads\/2025\/02\/IMG_7952-1024x768.jpg 1024w, https:\/\/www.stcornierenfete.fr\/wp-content\/uploads\/2025\/02\/IMG_7952-300x225.jpg 300w, https:\/\/www.stcornierenfete.fr\/wp-content\/uploads\/2025\/02\/IMG_7952-768x576.jpg 768w, https:\/\/www.stcornierenfete.fr\/wp-content\/uploads\/2025\/02\/IMG_7952-1536x1152.jpg 1536w, https:\/\/www.stcornierenfete.fr\/wp-content\/uploads\/2025\/02\/IMG_7952-2048x1536.jpg 2048w\" sizes=\"auto, (max-width: 1024px) 100vw, 1024px\" \/><\/figure>\n\n\n\n<figure class=\"wp-block-image size-large\"><img loading=\"lazy\" decoding=\"async\" width=\"1024\" height=\"768\" data-id=\"1702\" src=\"https:\/\/www.stcornierenfete.fr\/wp-content\/uploads\/2025\/02\/IMG_7968-1024x768.jpg\" alt=\"\" class=\"wp-image-1702\" srcset=\"https:\/\/www.stcornierenfete.fr\/wp-content\/uploads\/2025\/02\/IMG_7968-1024x768.jpg 1024w, https:\/\/www.stcornierenfete.fr\/wp-content\/uploads\/2025\/02\/IMG_7968-300x225.jpg 300w, https:\/\/www.stcornierenfete.fr\/wp-content\/uploads\/2025\/02\/IMG_7968-768x576.jpg 768w, https:\/\/www.stcornierenfete.fr\/wp-content\/uploads\/2025\/02\/IMG_7968-1536x1152.jpg 1536w, https:\/\/www.stcornierenfete.fr\/wp-content\/uploads\/2025\/02\/IMG_7968-2048x1536.jpg 2048w\" sizes=\"auto, (max-width: 1024px) 100vw, 1024px\" \/><\/figure>\n\n\n\n<figure class=\"wp-block-image size-large\"><img loading=\"lazy\" decoding=\"async\" width=\"1024\" height=\"768\" data-id=\"1705\" src=\"https:\/\/www.stcornierenfete.fr\/wp-content\/uploads\/2025\/02\/IMG_7964-1024x768.jpg\" alt=\"\" class=\"wp-image-1705\" srcset=\"https:\/\/www.stcornierenfete.fr\/wp-content\/uploads\/2025\/02\/IMG_7964-1024x768.jpg 1024w, https:\/\/www.stcornierenfete.fr\/wp-content\/uploads\/2025\/02\/IMG_7964-300x225.jpg 300w, https:\/\/www.stcornierenfete.fr\/wp-content\/uploads\/2025\/02\/IMG_7964-768x576.jpg 768w, https:\/\/www.stcornierenfete.fr\/wp-content\/uploads\/2025\/02\/IMG_7964-1536x1152.jpg 1536w, https:\/\/www.stcornierenfete.fr\/wp-content\/uploads\/2025\/02\/IMG_7964-2048x1536.jpg 2048w\" sizes=\"auto, (max-width: 1024px) 100vw, 1024px\" \/><\/figure>\n\n\n\n<figure class=\"wp-block-image size-large\"><img loading=\"lazy\" decoding=\"async\" width=\"1024\" height=\"768\" data-id=\"1706\" src=\"https:\/\/www.stcornierenfete.fr\/wp-content\/uploads\/2025\/02\/IMG_7965-1024x768.jpg\" alt=\"\" class=\"wp-image-1706\" srcset=\"https:\/\/www.stcornierenfete.fr\/wp-content\/uploads\/2025\/02\/IMG_7965-1024x768.jpg 1024w, https:\/\/www.stcornierenfete.fr\/wp-content\/uploads\/2025\/02\/IMG_7965-300x225.jpg 300w, https:\/\/www.stcornierenfete.fr\/wp-content\/uploads\/2025\/02\/IMG_7965-768x576.jpg 768w, https:\/\/www.stcornierenfete.fr\/wp-content\/uploads\/2025\/02\/IMG_7965-1536x1152.jpg 1536w, https:\/\/www.stcornierenfete.fr\/wp-content\/uploads\/2025\/02\/IMG_7965-2048x1536.jpg 2048w\" sizes=\"auto, (max-width: 1024px) 100vw, 1024px\" \/><\/figure>\n\n\n\n<figure class=\"wp-block-image size-large\"><img loading=\"lazy\" decoding=\"async\" width=\"1024\" height=\"768\" data-id=\"1707\" src=\"https:\/\/www.stcornierenfete.fr\/wp-content\/uploads\/2025\/02\/IMG_7966-1024x768.jpg\" alt=\"\" class=\"wp-image-1707\" srcset=\"https:\/\/www.stcornierenfete.fr\/wp-content\/uploads\/2025\/02\/IMG_7966-1024x768.jpg 1024w, https:\/\/www.stcornierenfete.fr\/wp-content\/uploads\/2025\/02\/IMG_7966-300x225.jpg 300w, https:\/\/www.stcornierenfete.fr\/wp-content\/uploads\/2025\/02\/IMG_7966-768x576.jpg 768w, https:\/\/www.stcornierenfete.fr\/wp-content\/uploads\/2025\/02\/IMG_7966-1536x1152.jpg 1536w, https:\/\/www.stcornierenfete.fr\/wp-content\/uploads\/2025\/02\/IMG_7966-2048x1536.jpg 2048w\" sizes=\"auto, (max-width: 1024px) 100vw, 1024px\" \/><\/figure>\n\n\n\n<figure class=\"wp-block-image size-large\"><img loading=\"lazy\" decoding=\"async\" width=\"1024\" height=\"768\" data-id=\"1708\" src=\"https:\/\/www.stcornierenfete.fr\/wp-content\/uploads\/2025\/02\/IMG_7969-1024x768.jpg\" alt=\"\" class=\"wp-image-1708\" srcset=\"https:\/\/www.stcornierenfete.fr\/wp-content\/uploads\/2025\/02\/IMG_7969-1024x768.jpg 1024w, https:\/\/www.stcornierenfete.fr\/wp-content\/uploads\/2025\/02\/IMG_7969-300x225.jpg 300w, https:\/\/www.stcornierenfete.fr\/wp-content\/uploads\/2025\/02\/IMG_7969-768x576.jpg 768w, https:\/\/www.stcornierenfete.fr\/wp-content\/uploads\/2025\/02\/IMG_7969-1536x1152.jpg 1536w, https:\/\/www.stcornierenfete.fr\/wp-content\/uploads\/2025\/02\/IMG_7969-2048x1536.jpg 2048w\" sizes=\"auto, (max-width: 1024px) 100vw, 1024px\" \/><\/figure>\n\n\n\n<figure class=\"wp-block-image size-large\"><img loading=\"lazy\" decoding=\"async\" width=\"1024\" height=\"768\" data-id=\"1711\" src=\"https:\/\/www.stcornierenfete.fr\/wp-content\/uploads\/2025\/02\/IMG_7955-1024x768.jpg\" alt=\"\" class=\"wp-image-1711\" srcset=\"https:\/\/www.stcornierenfete.fr\/wp-content\/uploads\/2025\/02\/IMG_7955-1024x768.jpg 1024w, https:\/\/www.stcornierenfete.fr\/wp-content\/uploads\/2025\/02\/IMG_7955-300x225.jpg 300w, https:\/\/www.stcornierenfete.fr\/wp-content\/uploads\/2025\/02\/IMG_7955-768x576.jpg 768w, https:\/\/www.stcornierenfete.fr\/wp-content\/uploads\/2025\/02\/IMG_7955-1536x1152.jpg 1536w, https:\/\/www.stcornierenfete.fr\/wp-content\/uploads\/2025\/02\/IMG_7955-2048x1536.jpg 2048w\" sizes=\"auto, (max-width: 1024px) 100vw, 1024px\" \/><\/figure>\n\n\n\n<figure class=\"wp-block-image size-large\"><img loading=\"lazy\" decoding=\"async\" width=\"1024\" height=\"768\" data-id=\"1712\" src=\"https:\/\/www.stcornierenfete.fr\/wp-content\/uploads\/2025\/02\/IMG_7962-1024x768.jpg\" alt=\"\" class=\"wp-image-1712\" srcset=\"https:\/\/www.stcornierenfete.fr\/wp-content\/uploads\/2025\/02\/IMG_7962-1024x768.jpg 1024w, https:\/\/www.stcornierenfete.fr\/wp-content\/uploads\/2025\/02\/IMG_7962-300x225.jpg 300w, https:\/\/www.stcornierenfete.fr\/wp-content\/uploads\/2025\/02\/IMG_7962-768x576.jpg 768w, https:\/\/www.stcornierenfete.fr\/wp-content\/uploads\/2025\/02\/IMG_7962-1536x1152.jpg 1536w, https:\/\/www.stcornierenfete.fr\/wp-content\/uploads\/2025\/02\/IMG_7962-2048x1536.jpg 2048w\" sizes=\"auto, (max-width: 1024px) 100vw, 1024px\" \/><\/figure>\n<\/figure>\n","protected":false},"excerpt":{"rendered":"<p>En 2024, l&rsquo;\u00e9picerie \u00ab\u00a0Epi Service\u00a0\u00bb, en association avec le comit\u00e9 des f\u00eates et l&rsquo;APE, a cr\u00e9\u00e9 le march\u00e9 de No\u00ebl de St Cornier des Landes ! Apr\u00e8s deux ann\u00e9es de &#8230;<\/p>\n","protected":false},"author":1,"featured_media":0,"parent":0,"menu_order":0,"comment_status":"closed","ping_status":"closed","template":"","meta":{"footnotes":""},"class_list":["post-1691","page","type-page","status-publish","hentry"],"yoast_head":"<!-- This site is optimized with the Yoast SEO plugin v27.4 - https:\/\/yoast.com\/product\/yoast-seo-wordpress\/ -->\n<title>March\u00e9 de No\u00ebl - St Cornier en F\u00eate !<\/title>\n<meta name=\"robots\" content=\"index, follow, max-snippet:-1, max-image-preview:large, max-video-preview:-1\" \/>\n<link rel=\"canonical\" href=\"https:\/\/www.stcornierenfete.fr\/index.php\/marche-de-noel\/\" \/>\n<meta property=\"og:locale\" content=\"fr_FR\" \/>\n<meta property=\"og:type\" content=\"article\" \/>\n<meta property=\"og:title\" content=\"March\u00e9 de No\u00ebl - St Cornier en F\u00eate !\" \/>\n<meta property=\"og:description\" content=\"En 2024, l&rsquo;\u00e9picerie \u00ab\u00a0Epi Service\u00a0\u00bb, en association avec le comit\u00e9 des f\u00eates et l&rsquo;APE, a cr\u00e9\u00e9 le march\u00e9 de No\u00ebl de St Cornier des Landes ! Apr\u00e8s deux ann\u00e9es de ...\" \/>\n<meta property=\"og:url\" content=\"https:\/\/www.stcornierenfete.fr\/index.php\/marche-de-noel\/\" \/>\n<meta property=\"og:site_name\" content=\"St Cornier en F\u00eate !\" \/>\n<meta property=\"article:modified_time\" content=\"2026-02-08T14:44:04+00:00\" \/>\n<meta property=\"og:image\" content=\"https:\/\/www.stcornierenfete.fr\/wp-content\/uploads\/2025\/02\/IMG_7952-scaled.jpg\" \/>\n\t<meta property=\"og:image:width\" content=\"2560\" \/>\n\t<meta property=\"og:image:height\" content=\"1920\" \/>\n\t<meta property=\"og:image:type\" content=\"image\/jpeg\" \/>\n<meta name=\"twitter:card\" content=\"summary_large_image\" \/>\n<meta name=\"twitter:label1\" content=\"Dur\u00e9e de lecture estim\u00e9e\" \/>\n\t<meta name=\"twitter:data1\" content=\"3 minutes\" \/>\n<script type=\"application\/ld+json\" class=\"yoast-schema-graph\">{\"@context\":\"https:\\\/\\\/schema.org\",\"@graph\":[{\"@type\":\"WebPage\",\"@id\":\"https:\\\/\\\/www.stcornierenfete.fr\\\/index.php\\\/marche-de-noel\\\/\",\"url\":\"https:\\\/\\\/www.stcornierenfete.fr\\\/index.php\\\/marche-de-noel\\\/\",\"name\":\"March\u00e9 de No\u00ebl - St Cornier en F\u00eate !\",\"isPartOf\":{\"@id\":\"https:\\\/\\\/www.stcornierenfete.fr\\\/#website\"},\"primaryImageOfPage\":{\"@id\":\"https:\\\/\\\/www.stcornierenfete.fr\\\/index.php\\\/marche-de-noel\\\/#primaryimage\"},\"image\":{\"@id\":\"https:\\\/\\\/www.stcornierenfete.fr\\\/index.php\\\/marche-de-noel\\\/#primaryimage\"},\"thumbnailUrl\":\"https:\\\/\\\/www.stcornierenfete.fr\\\/wp-content\\\/uploads\\\/2025\\\/02\\\/IMG_7952-1024x768.jpg\",\"datePublished\":\"2025-02-13T11:22:35+00:00\",\"dateModified\":\"2026-02-08T14:44:04+00:00\",\"breadcrumb\":{\"@id\":\"https:\\\/\\\/www.stcornierenfete.fr\\\/index.php\\\/marche-de-noel\\\/#breadcrumb\"},\"inLanguage\":\"fr-FR\",\"potentialAction\":[{\"@type\":\"ReadAction\",\"target\":[\"https:\\\/\\\/www.stcornierenfete.fr\\\/index.php\\\/marche-de-noel\\\/\"]}]},{\"@type\":\"ImageObject\",\"inLanguage\":\"fr-FR\",\"@id\":\"https:\\\/\\\/www.stcornierenfete.fr\\\/index.php\\\/marche-de-noel\\\/#primaryimage\",\"url\":\"https:\\\/\\\/www.stcornierenfete.fr\\\/wp-content\\\/uploads\\\/2025\\\/02\\\/IMG_7952-scaled.jpg\",\"contentUrl\":\"https:\\\/\\\/www.stcornierenfete.fr\\\/wp-content\\\/uploads\\\/2025\\\/02\\\/IMG_7952-scaled.jpg\",\"width\":2560,\"height\":1920},{\"@type\":\"BreadcrumbList\",\"@id\":\"https:\\\/\\\/www.stcornierenfete.fr\\\/index.php\\\/marche-de-noel\\\/#breadcrumb\",\"itemListElement\":[{\"@type\":\"ListItem\",\"position\":1,\"name\":\"Accueil\",\"item\":\"https:\\\/\\\/www.stcornierenfete.fr\\\/\"},{\"@type\":\"ListItem\",\"position\":2,\"name\":\"March\u00e9 de No\u00ebl\"}]},{\"@type\":\"WebSite\",\"@id\":\"https:\\\/\\\/www.stcornierenfete.fr\\\/#website\",\"url\":\"https:\\\/\\\/www.stcornierenfete.fr\\\/\",\"name\":\"St Cornier en F\u00eate !\",\"description\":\"Comit\u00e9 des f\u00eates de St Cornier des Landes\",\"publisher\":{\"@id\":\"https:\\\/\\\/www.stcornierenfete.fr\\\/#organization\"},\"potentialAction\":[{\"@type\":\"SearchAction\",\"target\":{\"@type\":\"EntryPoint\",\"urlTemplate\":\"https:\\\/\\\/www.stcornierenfete.fr\\\/?s={search_term_string}\"},\"query-input\":{\"@type\":\"PropertyValueSpecification\",\"valueRequired\":true,\"valueName\":\"search_term_string\"}}],\"inLanguage\":\"fr-FR\"},{\"@type\":\"Organization\",\"@id\":\"https:\\\/\\\/www.stcornierenfete.fr\\\/#organization\",\"name\":\"Comit\u00e9 des f\u00eates de St Cornier des Landes\",\"url\":\"https:\\\/\\\/www.stcornierenfete.fr\\\/\",\"logo\":{\"@type\":\"ImageObject\",\"inLanguage\":\"fr-FR\",\"@id\":\"https:\\\/\\\/www.stcornierenfete.fr\\\/#\\\/schema\\\/logo\\\/image\\\/\",\"url\":\"https:\\\/\\\/www.stcornierenfete.fr\\\/wp-content\\\/uploads\\\/2020\\\/02\\\/Logo-Comite-160-x-58.jpg\",\"contentUrl\":\"https:\\\/\\\/www.stcornierenfete.fr\\\/wp-content\\\/uploads\\\/2020\\\/02\\\/Logo-Comite-160-x-58.jpg\",\"width\":160,\"height\":58,\"caption\":\"Comit\u00e9 des f\u00eates de St Cornier des Landes\"},\"image\":{\"@id\":\"https:\\\/\\\/www.stcornierenfete.fr\\\/#\\\/schema\\\/logo\\\/image\\\/\"}}]}<\/script>\n<!-- \/ Yoast SEO plugin. -->","yoast_head_json":{"title":"March\u00e9 de No\u00ebl - St Cornier en F\u00eate !","robots":{"index":"index","follow":"follow","max-snippet":"max-snippet:-1","max-image-preview":"max-image-preview:large","max-video-preview":"max-video-preview:-1"},"canonical":"https:\/\/www.stcornierenfete.fr\/index.php\/marche-de-noel\/","og_locale":"fr_FR","og_type":"article","og_title":"March\u00e9 de No\u00ebl - St Cornier en F\u00eate !","og_description":"En 2024, l&rsquo;\u00e9picerie \u00ab\u00a0Epi Service\u00a0\u00bb, en association avec le comit\u00e9 des f\u00eates et l&rsquo;APE, a cr\u00e9\u00e9 le march\u00e9 de No\u00ebl de St Cornier des Landes ! Apr\u00e8s deux ann\u00e9es de ...","og_url":"https:\/\/www.stcornierenfete.fr\/index.php\/marche-de-noel\/","og_site_name":"St Cornier en F\u00eate !","article_modified_time":"2026-02-08T14:44:04+00:00","og_image":[{"width":2560,"height":1920,"url":"https:\/\/www.stcornierenfete.fr\/wp-content\/uploads\/2025\/02\/IMG_7952-scaled.jpg","type":"image\/jpeg"}],"twitter_card":"summary_large_image","twitter_misc":{"Dur\u00e9e de lecture estim\u00e9e":"3 minutes"},"schema":{"@context":"https:\/\/schema.org","@graph":[{"@type":"WebPage","@id":"https:\/\/www.stcornierenfete.fr\/index.php\/marche-de-noel\/","url":"https:\/\/www.stcornierenfete.fr\/index.php\/marche-de-noel\/","name":"March\u00e9 de No\u00ebl - St Cornier en F\u00eate !","isPartOf":{"@id":"https:\/\/www.stcornierenfete.fr\/#website"},"primaryImageOfPage":{"@id":"https:\/\/www.stcornierenfete.fr\/index.php\/marche-de-noel\/#primaryimage"},"image":{"@id":"https:\/\/www.stcornierenfete.fr\/index.php\/marche-de-noel\/#primaryimage"},"thumbnailUrl":"https:\/\/www.stcornierenfete.fr\/wp-content\/uploads\/2025\/02\/IMG_7952-1024x768.jpg","datePublished":"2025-02-13T11:22:35+00:00","dateModified":"2026-02-08T14:44:04+00:00","breadcrumb":{"@id":"https:\/\/www.stcornierenfete.fr\/index.php\/marche-de-noel\/#breadcrumb"},"inLanguage":"fr-FR","potentialAction":[{"@type":"ReadAction","target":["https:\/\/www.stcornierenfete.fr\/index.php\/marche-de-noel\/"]}]},{"@type":"ImageObject","inLanguage":"fr-FR","@id":"https:\/\/www.stcornierenfete.fr\/index.php\/marche-de-noel\/#primaryimage","url":"https:\/\/www.stcornierenfete.fr\/wp-content\/uploads\/2025\/02\/IMG_7952-scaled.jpg","contentUrl":"https:\/\/www.stcornierenfete.fr\/wp-content\/uploads\/2025\/02\/IMG_7952-scaled.jpg","width":2560,"height":1920},{"@type":"BreadcrumbList","@id":"https:\/\/www.stcornierenfete.fr\/index.php\/marche-de-noel\/#breadcrumb","itemListElement":[{"@type":"ListItem","position":1,"name":"Accueil","item":"https:\/\/www.stcornierenfete.fr\/"},{"@type":"ListItem","position":2,"name":"March\u00e9 de No\u00ebl"}]},{"@type":"WebSite","@id":"https:\/\/www.stcornierenfete.fr\/#website","url":"https:\/\/www.stcornierenfete.fr\/","name":"St Cornier en F\u00eate !","description":"Comit\u00e9 des f\u00eates de St Cornier des Landes","publisher":{"@id":"https:\/\/www.stcornierenfete.fr\/#organization"},"potentialAction":[{"@type":"SearchAction","target":{"@type":"EntryPoint","urlTemplate":"https:\/\/www.stcornierenfete.fr\/?s={search_term_string}"},"query-input":{"@type":"PropertyValueSpecification","valueRequired":true,"valueName":"search_term_string"}}],"inLanguage":"fr-FR"},{"@type":"Organization","@id":"https:\/\/www.stcornierenfete.fr\/#organization","name":"Comit\u00e9 des f\u00eates de St Cornier des Landes","url":"https:\/\/www.stcornierenfete.fr\/","logo":{"@type":"ImageObject","inLanguage":"fr-FR","@id":"https:\/\/www.stcornierenfete.fr\/#\/schema\/logo\/image\/","url":"https:\/\/www.stcornierenfete.fr\/wp-content\/uploads\/2020\/02\/Logo-Comite-160-x-58.jpg","contentUrl":"https:\/\/www.stcornierenfete.fr\/wp-content\/uploads\/2020\/02\/Logo-Comite-160-x-58.jpg","width":160,"height":58,"caption":"Comit\u00e9 des f\u00eates de St Cornier des Landes"},"image":{"@id":"https:\/\/www.stcornierenfete.fr\/#\/schema\/logo\/image\/"}}]}},"_links":{"self":[{"href":"https:\/\/www.stcornierenfete.fr\/index.php\/wp-json\/wp\/v2\/pages\/1691","targetHints":{"allow":["GET"]}}],"collection":[{"href":"https:\/\/www.stcornierenfete.fr\/index.php\/wp-json\/wp\/v2\/pages"}],"about":[{"href":"https:\/\/www.stcornierenfete.fr\/index.php\/wp-json\/wp\/v2\/types\/page"}],"author":[{"embeddable":true,"href":"https:\/\/www.stcornierenfete.fr\/index.php\/wp-json\/wp\/v2\/users\/1"}],"replies":[{"embeddable":true,"href":"https:\/\/www.stcornierenfete.fr\/index.php\/wp-json\/wp\/v2\/comments?post=1691"}],"version-history":[{"count":13,"href":"https:\/\/www.stcornierenfete.fr\/index.php\/wp-json\/wp\/v2\/pages\/1691\/revisions"}],"predecessor-version":[{"id":1841,"href":"https:\/\/www.stcornierenfete.fr\/index.php\/wp-json\/wp\/v2\/pages\/1691\/revisions\/1841"}],"wp:attachment":[{"href":"https:\/\/www.stcornierenfete.fr\/index.php\/wp-json\/wp\/v2\/media?parent=1691"}],"curies":[{"name":"wp","href":"https:\/\/api.w.org\/{rel}","templated":true}]}}