{"id":224,"date":"2020-02-24T20:34:26","date_gmt":"2020-02-24T19:34:26","guid":{"rendered":"https:\/\/www.stcornierenfete.fr\/?page_id=224"},"modified":"2020-04-19T16:26:51","modified_gmt":"2020-04-19T14:26:51","slug":"nous-contacter","status":"publish","type":"page","link":"https:\/\/www.stcornierenfete.fr\/index.php\/nous-contacter\/","title":{"rendered":"Nous contacter"},"content":{"rendered":"\n<p>Des questions ? Des id\u00e9es ? Ou tout autre chose, comme nous rejoindre par exemple&#8230; \ud83d\ude09<\/p>\n\n\n\n<p>Alors n&rsquo;h\u00e9sitez pas \u00e0 utiliser le formulaire ci-dessous, nous vous r\u00e9pondrons dans les meilleurs d\u00e9lais !<\/p>\n\n\n\n\n<div class=\"wpcf7 no-js\" id=\"wpcf7-f222-o1\" lang=\"fr-FR\" dir=\"ltr\" data-wpcf7-id=\"222\">\n<div class=\"screen-reader-response\"><p role=\"status\" aria-live=\"polite\" aria-atomic=\"true\"><\/p> <ul><\/ul><\/div>\n<form action=\"\/index.php\/wp-json\/wp\/v2\/pages\/224#wpcf7-f222-o1\" method=\"post\" class=\"wpcf7-form init\" aria-label=\"Formulaire de contact\" novalidate=\"novalidate\" data-status=\"init\">\n<fieldset class=\"hidden-fields-container\"><input type=\"hidden\" name=\"_wpcf7\" value=\"222\" \/><input type=\"hidden\" name=\"_wpcf7_version\" value=\"6.1.5\" \/><input type=\"hidden\" name=\"_wpcf7_locale\" value=\"fr_FR\" \/><input type=\"hidden\" name=\"_wpcf7_unit_tag\" value=\"wpcf7-f222-o1\" \/><input type=\"hidden\" name=\"_wpcf7_container_post\" value=\"0\" \/><input type=\"hidden\" name=\"_wpcf7_posted_data_hash\" value=\"\" \/><input type=\"hidden\" name=\"_wpcf7_recaptcha_response\" value=\"\" \/>\n<\/fieldset>\n<p><label> Nom<br \/>\n<span class=\"wpcf7-form-control-wrap\" data-name=\"your-name\"><input size=\"40\" maxlength=\"400\" class=\"wpcf7-form-control wpcf7-text wpcf7-validates-as-required\" aria-required=\"true\" aria-invalid=\"false\" value=\"\" type=\"text\" name=\"your-name\" \/><\/span> <\/label>\n<\/p>\n<p><label> E-mail<br \/>\n<span class=\"wpcf7-form-control-wrap\" data-name=\"your-email\"><input size=\"40\" maxlength=\"400\" class=\"wpcf7-form-control wpcf7-email wpcf7-validates-as-required wpcf7-text wpcf7-validates-as-email\" aria-required=\"true\" aria-invalid=\"false\" value=\"\" type=\"email\" name=\"your-email\" \/><\/span> <\/label>\n<\/p>\n<p><label> Objet<br \/>\n<span class=\"wpcf7-form-control-wrap\" data-name=\"your-subject\"><input size=\"40\" maxlength=\"400\" class=\"wpcf7-form-control wpcf7-text wpcf7-validates-as-required\" aria-required=\"true\" aria-invalid=\"false\" value=\"\" type=\"text\" name=\"your-subject\" \/><\/span> <\/label>\n<\/p>\n<p><label> Commentaire<br \/>\n<span class=\"wpcf7-form-control-wrap\" data-name=\"your-message\"><textarea cols=\"40\" rows=\"10\" maxlength=\"2000\" class=\"wpcf7-form-control wpcf7-textarea wpcf7-validates-as-required\" aria-required=\"true\" aria-invalid=\"false\" name=\"your-message\"><\/textarea><\/span> <\/label>\n<\/p>\n<p><input class=\"wpcf7-form-control wpcf7-submit has-spinner\" type=\"submit\" value=\"Envoyer\" \/>\n<\/p><div class=\"wpcf7-response-output\" aria-hidden=\"true\"><\/div>\n<\/form>\n<\/div>\n\n\n\n\n<p>Besoin de nous joindre par courrier ? Voici notre adresse :<\/p>\n\n\n\n<pre class=\"wp-block-preformatted\">Comit\u00e9 des f\u00eates\nB\u00e2timent de la Mairie\nPlace de l'\u00e9glise\nSt Cornier des Landes\n61800 Tinchebray Bocage<\/pre>\n\n\n\n<p><\/p>\n","protected":false},"excerpt":{"rendered":"<p>Des questions ? Des id\u00e9es ? Ou tout autre chose, comme nous rejoindre par exemple&#8230; \ud83d\ude09 Alors n&rsquo;h\u00e9sitez pas \u00e0 utiliser le formulaire ci-dessous, nous vous r\u00e9pondrons dans les meilleurs &#8230;<\/p>\n","protected":false},"author":1,"featured_media":0,"parent":0,"menu_order":0,"comment_status":"closed","ping_status":"closed","template":"","meta":{"footnotes":""},"class_list":["post-224","page","type-page","status-publish","hentry"],"yoast_head":"<!-- This site is optimized with the Yoast SEO plugin v27.3 - https:\/\/yoast.com\/product\/yoast-seo-wordpress\/ -->\n<title>Nous contacter - St Cornier en F\u00eate !<\/title>\n<meta name=\"description\" content=\"Contacter le comit\u00e9 des f\u00eates de St Cornier des Landes.\" \/>\n<meta name=\"robots\" content=\"index, follow, max-snippet:-1, max-image-preview:large, max-video-preview:-1\" \/>\n<link rel=\"canonical\" href=\"https:\/\/www.stcornierenfete.fr\/index.php\/nous-contacter\/\" \/>\n<meta property=\"og:locale\" content=\"fr_FR\" \/>\n<meta property=\"og:type\" content=\"article\" \/>\n<meta property=\"og:title\" content=\"Nous contacter - St Cornier en F\u00eate !\" \/>\n<meta property=\"og:description\" content=\"Contacter le comit\u00e9 des f\u00eates de St Cornier des Landes.\" \/>\n<meta property=\"og:url\" content=\"https:\/\/www.stcornierenfete.fr\/index.php\/nous-contacter\/\" \/>\n<meta property=\"og:site_name\" content=\"St Cornier en F\u00eate !\" \/>\n<meta property=\"article:modified_time\" content=\"2020-04-19T14:26:51+00:00\" \/>\n<meta name=\"twitter:card\" content=\"summary_large_image\" \/>\n<script type=\"application\/ld+json\" class=\"yoast-schema-graph\">{\"@context\":\"https:\\\/\\\/schema.org\",\"@graph\":[{\"@type\":\"WebPage\",\"@id\":\"https:\\\/\\\/www.stcornierenfete.fr\\\/index.php\\\/nous-contacter\\\/\",\"url\":\"https:\\\/\\\/www.stcornierenfete.fr\\\/index.php\\\/nous-contacter\\\/\",\"name\":\"Nous contacter - St Cornier en F\u00eate !\",\"isPartOf\":{\"@id\":\"https:\\\/\\\/www.stcornierenfete.fr\\\/#website\"},\"datePublished\":\"2020-02-24T19:34:26+00:00\",\"dateModified\":\"2020-04-19T14:26:51+00:00\",\"description\":\"Contacter le comit\u00e9 des f\u00eates de St Cornier des Landes.\",\"breadcrumb\":{\"@id\":\"https:\\\/\\\/www.stcornierenfete.fr\\\/index.php\\\/nous-contacter\\\/#breadcrumb\"},\"inLanguage\":\"fr-FR\",\"potentialAction\":[{\"@type\":\"ReadAction\",\"target\":[\"https:\\\/\\\/www.stcornierenfete.fr\\\/index.php\\\/nous-contacter\\\/\"]}]},{\"@type\":\"BreadcrumbList\",\"@id\":\"https:\\\/\\\/www.stcornierenfete.fr\\\/index.php\\\/nous-contacter\\\/#breadcrumb\",\"itemListElement\":[{\"@type\":\"ListItem\",\"position\":1,\"name\":\"Accueil\",\"item\":\"https:\\\/\\\/www.stcornierenfete.fr\\\/\"},{\"@type\":\"ListItem\",\"position\":2,\"name\":\"Nous contacter\"}]},{\"@type\":\"WebSite\",\"@id\":\"https:\\\/\\\/www.stcornierenfete.fr\\\/#website\",\"url\":\"https:\\\/\\\/www.stcornierenfete.fr\\\/\",\"name\":\"St Cornier en F\u00eate !\",\"description\":\"Comit\u00e9 des f\u00eates de St Cornier des Landes\",\"publisher\":{\"@id\":\"https:\\\/\\\/www.stcornierenfete.fr\\\/#organization\"},\"potentialAction\":[{\"@type\":\"SearchAction\",\"target\":{\"@type\":\"EntryPoint\",\"urlTemplate\":\"https:\\\/\\\/www.stcornierenfete.fr\\\/?s={search_term_string}\"},\"query-input\":{\"@type\":\"PropertyValueSpecification\",\"valueRequired\":true,\"valueName\":\"search_term_string\"}}],\"inLanguage\":\"fr-FR\"},{\"@type\":\"Organization\",\"@id\":\"https:\\\/\\\/www.stcornierenfete.fr\\\/#organization\",\"name\":\"Comit\u00e9 des f\u00eates de St Cornier des Landes\",\"url\":\"https:\\\/\\\/www.stcornierenfete.fr\\\/\",\"logo\":{\"@type\":\"ImageObject\",\"inLanguage\":\"fr-FR\",\"@id\":\"https:\\\/\\\/www.stcornierenfete.fr\\\/#\\\/schema\\\/logo\\\/image\\\/\",\"url\":\"https:\\\/\\\/www.stcornierenfete.fr\\\/wp-content\\\/uploads\\\/2020\\\/02\\\/Logo-Comite-160-x-58.jpg\",\"contentUrl\":\"https:\\\/\\\/www.stcornierenfete.fr\\\/wp-content\\\/uploads\\\/2020\\\/02\\\/Logo-Comite-160-x-58.jpg\",\"width\":160,\"height\":58,\"caption\":\"Comit\u00e9 des f\u00eates de St Cornier des Landes\"},\"image\":{\"@id\":\"https:\\\/\\\/www.stcornierenfete.fr\\\/#\\\/schema\\\/logo\\\/image\\\/\"}}]}<\/script>\n<!-- \/ Yoast SEO plugin. -->","yoast_head_json":{"title":"Nous contacter - St Cornier en F\u00eate !","description":"Contacter le comit\u00e9 des f\u00eates de St Cornier des Landes.","robots":{"index":"index","follow":"follow","max-snippet":"max-snippet:-1","max-image-preview":"max-image-preview:large","max-video-preview":"max-video-preview:-1"},"canonical":"https:\/\/www.stcornierenfete.fr\/index.php\/nous-contacter\/","og_locale":"fr_FR","og_type":"article","og_title":"Nous contacter - St Cornier en F\u00eate !","og_description":"Contacter le comit\u00e9 des f\u00eates de St Cornier des Landes.","og_url":"https:\/\/www.stcornierenfete.fr\/index.php\/nous-contacter\/","og_site_name":"St Cornier en F\u00eate !","article_modified_time":"2020-04-19T14:26:51+00:00","twitter_card":"summary_large_image","schema":{"@context":"https:\/\/schema.org","@graph":[{"@type":"WebPage","@id":"https:\/\/www.stcornierenfete.fr\/index.php\/nous-contacter\/","url":"https:\/\/www.stcornierenfete.fr\/index.php\/nous-contacter\/","name":"Nous contacter - St Cornier en F\u00eate !","isPartOf":{"@id":"https:\/\/www.stcornierenfete.fr\/#website"},"datePublished":"2020-02-24T19:34:26+00:00","dateModified":"2020-04-19T14:26:51+00:00","description":"Contacter le comit\u00e9 des f\u00eates de St Cornier des Landes.","breadcrumb":{"@id":"https:\/\/www.stcornierenfete.fr\/index.php\/nous-contacter\/#breadcrumb"},"inLanguage":"fr-FR","potentialAction":[{"@type":"ReadAction","target":["https:\/\/www.stcornierenfete.fr\/index.php\/nous-contacter\/"]}]},{"@type":"BreadcrumbList","@id":"https:\/\/www.stcornierenfete.fr\/index.php\/nous-contacter\/#breadcrumb","itemListElement":[{"@type":"ListItem","position":1,"name":"Accueil","item":"https:\/\/www.stcornierenfete.fr\/"},{"@type":"ListItem","position":2,"name":"Nous contacter"}]},{"@type":"WebSite","@id":"https:\/\/www.stcornierenfete.fr\/#website","url":"https:\/\/www.stcornierenfete.fr\/","name":"St Cornier en F\u00eate !","description":"Comit\u00e9 des f\u00eates de St Cornier des Landes","publisher":{"@id":"https:\/\/www.stcornierenfete.fr\/#organization"},"potentialAction":[{"@type":"SearchAction","target":{"@type":"EntryPoint","urlTemplate":"https:\/\/www.stcornierenfete.fr\/?s={search_term_string}"},"query-input":{"@type":"PropertyValueSpecification","valueRequired":true,"valueName":"search_term_string"}}],"inLanguage":"fr-FR"},{"@type":"Organization","@id":"https:\/\/www.stcornierenfete.fr\/#organization","name":"Comit\u00e9 des f\u00eates de St Cornier des Landes","url":"https:\/\/www.stcornierenfete.fr\/","logo":{"@type":"ImageObject","inLanguage":"fr-FR","@id":"https:\/\/www.stcornierenfete.fr\/#\/schema\/logo\/image\/","url":"https:\/\/www.stcornierenfete.fr\/wp-content\/uploads\/2020\/02\/Logo-Comite-160-x-58.jpg","contentUrl":"https:\/\/www.stcornierenfete.fr\/wp-content\/uploads\/2020\/02\/Logo-Comite-160-x-58.jpg","width":160,"height":58,"caption":"Comit\u00e9 des f\u00eates de St Cornier des Landes"},"image":{"@id":"https:\/\/www.stcornierenfete.fr\/#\/schema\/logo\/image\/"}}]}},"_links":{"self":[{"href":"https:\/\/www.stcornierenfete.fr\/index.php\/wp-json\/wp\/v2\/pages\/224","targetHints":{"allow":["GET"]}}],"collection":[{"href":"https:\/\/www.stcornierenfete.fr\/index.php\/wp-json\/wp\/v2\/pages"}],"about":[{"href":"https:\/\/www.stcornierenfete.fr\/index.php\/wp-json\/wp\/v2\/types\/page"}],"author":[{"embeddable":true,"href":"https:\/\/www.stcornierenfete.fr\/index.php\/wp-json\/wp\/v2\/users\/1"}],"replies":[{"embeddable":true,"href":"https:\/\/www.stcornierenfete.fr\/index.php\/wp-json\/wp\/v2\/comments?post=224"}],"version-history":[{"count":10,"href":"https:\/\/www.stcornierenfete.fr\/index.php\/wp-json\/wp\/v2\/pages\/224\/revisions"}],"predecessor-version":[{"id":670,"href":"https:\/\/www.stcornierenfete.fr\/index.php\/wp-json\/wp\/v2\/pages\/224\/revisions\/670"}],"wp:attachment":[{"href":"https:\/\/www.stcornierenfete.fr\/index.php\/wp-json\/wp\/v2\/media?parent=224"}],"curies":[{"name":"wp","href":"https:\/\/api.w.org\/{rel}","templated":true}]}}