{"id":323,"date":"2020-03-18T12:11:40","date_gmt":"2020-03-18T11:11:40","guid":{"rendered":"https:\/\/www.stcornierenfete.fr\/?page_id=323"},"modified":"2026-02-08T14:58:37","modified_gmt":"2026-02-08T13:58:37","slug":"puces-moto","status":"publish","type":"page","link":"https:\/\/www.stcornierenfete.fr\/index.php\/puces-moto\/","title":{"rendered":"Puces Moto"},"content":{"rendered":"<div class=\"wp-block-image\">\n<figure class=\"aligncenter size-large is-resized\"><img loading=\"lazy\" decoding=\"async\" width=\"1024\" height=\"725\" src=\"https:\/\/www.stcornierenfete.fr\/wp-content\/uploads\/2026\/02\/Puces-Moto-2026-1024x725.jpg\" alt=\"\" class=\"wp-image-1807\" style=\"aspect-ratio:1.4123977035975883;width:367px;height:auto\" srcset=\"https:\/\/www.stcornierenfete.fr\/wp-content\/uploads\/2026\/02\/Puces-Moto-2026-1024x725.jpg 1024w, https:\/\/www.stcornierenfete.fr\/wp-content\/uploads\/2026\/02\/Puces-Moto-2026-300x212.jpg 300w, https:\/\/www.stcornierenfete.fr\/wp-content\/uploads\/2026\/02\/Puces-Moto-2026-768x543.jpg 768w, https:\/\/www.stcornierenfete.fr\/wp-content\/uploads\/2026\/02\/Puces-Moto-2026-1536x1087.jpg 1536w, https:\/\/www.stcornierenfete.fr\/wp-content\/uploads\/2026\/02\/Puces-Moto-2026-2048x1449.jpg 2048w\" sizes=\"auto, (max-width: 1024px) 100vw, 1024px\" \/><\/figure>\n<\/div>\n\n\n<p>Les Puces Moto \u00e0 St Cornier ? C&rsquo;est l&rsquo;une des plus grandes manifestations \/ brocantes pour les motards <strong>depuis 2002<\/strong> !! Mais c&rsquo;est aussi un moment sympa \u00e0 partager en famille le dimanche \ud83d\ude09<\/p>\n\n\n\n<p>Nous attendons toujours autant d\u2019exposants et de visiteurs pour cette nouvelle et 23\u00e8me \u00e9dition !<\/p>\n\n\n\n<p>Venez passer une journ\u00e9e sympa dans le plus pur esprit motard !<\/p>\n\n\n\n<p><u><strong>Visiteurs :<\/strong><\/u><\/p>\n\n\n\n<p>Vous \u00eates toujours pr\u00eat \u00e0 d\u00e9nicher \u00ab\u00a0la pi\u00e8ce\u00a0\u00bb tant recherch\u00e9e ?<\/p>\n\n\n\n<p>Alors les Puces Moto de St Cornier sont faites pour vous ! Ici ce sont des milliers de pi\u00e8ces d\u00e9tach\u00e9es qui sont mises en vente chaque ann\u00e9e. Mais vous trouverez \u00e9galement : motos, quads, casques, t-shirts, figurines et tous autres \u00e9quipements divers et vari\u00e9s concernant le monde du deux roues et du quad.<\/p>\n\n\n\n<p>Une tombola organis\u00e9e avec plusieurs lots \u00e0 gagner dont 4 ch\u00e8ques cadeaux (200\u20ac, 150\u20ac, 100\u20ac et 50\u20ac).<\/p>\n\n\n\n<p><u><strong>Exposants :<\/strong><\/u><\/p>\n\n\n\n<p>Que vous soyez un professionnel ou un particulier, n\u2019h\u00e9sitez pas \u00e0 venir exposer !<\/p>\n\n\n\n<p>Vous avez :<\/p>\n\n\n\n<ul class=\"wp-block-list\">\n<li>Un car\u00e9nage qui encombre le passage ;<\/li>\n\n\n\n<li>Des pi\u00e8ces de moteur qui gisent depuis des lustres ;<\/li>\n\n\n\n<li>Des pneus, de l&rsquo;\u00e9quipement qui ne sert plus ;<\/li>\n\n\n\n<li>Votre conjoint(e) ne supporte plus le vieux moteur qui tr\u00f4ne dans le garage ;<\/li>\n\n\n\n<li>Ou vous \u00eates un professionnel de la moto ?<\/li>\n<\/ul>\n\n\n\n<p>Alors r\u00e9servez votre emplacement plus bas \u2193<\/p>\n\n\n\n<p><u>\u00catre exposant aux Puces Moto de St Cornier, c&rsquo;est :<\/u><\/p>\n\n\n\n<ul class=\"wp-block-list\">\n<li>Un accueil sympa (de 6h \u00e0 8h) ;<\/li>\n\n\n\n<li>Un emplacement goudronn\u00e9 ;<\/li>\n\n\n\n<li>Un tout petit prix d&rsquo;exposition (2\u20ac le m\u00e8tre lin\u00e9aire) ;<\/li>\n\n\n\n<li>Un caf\u00e9 offert (avec un biscuit offert par l&rsquo;un de nos partenaires \ud83d\ude09 ) \u00e0 tous les exposants ;<\/li>\n\n\n\n<li>La restauration sur place ;<\/li>\n\n\n\n<li>Les parkings gratuits ;<\/li>\n\n\n\n<li>12 000 visiteurs en moyenne.<\/li>\n<\/ul>\n\n\n\n<div class=\"wp-block-button aligncenter\"><a class=\"wp-block-button__link has-text-align-center wp-element-button\" href=\"https:\/\/www.stcornierenfete.fr\/index.php\/2025\/02\/28\/inscription-puces-moto-2026\/\">Modalit\u00e9s d&rsquo;inscription ici<\/a><\/div>\n\n\n\n<br><\/br>\n<p><u><strong>Nos sponsors :<\/strong><\/u><\/p>\n\n\n\n<p>Nous remercions nos fid\u00e8les partenaires :<\/p>\n\n\n\n<img decoding=\"async\" src=\"https:\/\/www.stcornierenfete.fr\/logos-sponsors\/Logo-Acti-Conduite.jpg\" alt=\"\" width=\"123\" height=\"auto\"> <img decoding=\"async\" src=\"https:\/\/www.stcornierenfete.fr\/logos-sponsors\/Logo-Alidade.jpg\" alt=\"\" width=\"79\" height=\"auto\"> <img loading=\"lazy\" decoding=\"async\" src=\"https:\/\/www.stcornierenfete.fr\/logos-sponsors\/Logo-Biscuiterie-Abbaye.jpg\" alt=\"\" width=\"80\" height=\"125\"> <img loading=\"lazy\" decoding=\"async\" src=\"https:\/\/www.stcornierenfete.fr\/logos-sponsors\/Logo-Charal.png\" alt=\"\" width=\"138\" height=\"87\"> <img loading=\"lazy\" decoding=\"async\" src=\"https:\/\/www.stcornierenfete.fr\/logos-sponsors\/Logo-Credit-Agricole.jpg\" alt=\"\" width=\"153\" height=\"47\"> <img loading=\"lazy\" decoding=\"async\" src=\"https:\/\/www.stcornierenfete.fr\/logos-sponsors\/Logo-Leclerc.png\" alt=\"\" width=\"167\" height=\"39\"> <img decoding=\"async\" src=\"https:\/\/www.stcornierenfete.fr\/logos-sponsors\/Logo-Ferme-des-Vallons.jpg\" alt=\"\" width=\"130\" height=\"auto\"> <img loading=\"lazy\" decoding=\"async\" src=\"https:\/\/www.stcornierenfete.fr\/logos-sponsors\/Logo-Ouest-France.png\" alt=\"\" width=\"138\" height=\"72\"> <img decoding=\"async\" src=\"https:\/\/www.stcornierenfete.fr\/logos-sponsors\/Logo-Passenaud.png\" alt=\"\" width=\"121\" height=\"auto\"> <img decoding=\"async\" src=\"https:\/\/www.stcornierenfete.fr\/logos-sponsors\/Logo-Tendance-Ouest.jpg\" alt=\"\" width=\"123\" height=\"auto\"> <img decoding=\"async\" src=\"https:\/\/www.stcornierenfete.fr\/logos-sponsors\/Logo-Thierry-Patry.jpg\" alt=\"\" width=\"126\" height=\"auto\"> <img loading=\"lazy\" decoding=\"async\" src=\"https:\/\/www.stcornierenfete.fr\/logos-sponsors\/Logo-Tout-Faire-Materiaux.png\" alt=\"\" width=\"140\" height=\"46\">\n\n\n\n<br><\/br>\n<p><u><strong>Photos et vid\u00e9os des pr\u00e9c\u00e9dentes \u00e9ditions :<\/strong><\/u><\/p>\n\n\n\n<p>Pour voir les photos de l&rsquo;\u00e9dition 2024, <a href=\"https:\/\/www.stcornierenfete.fr\/index.php\/2024\/05\/16\/photos-puces-moto-2024\/\"><strong>cliquez ici<\/strong><\/a><\/p>\n\n\n\n<p>Pour voir les photos de l&rsquo;\u00e9dition 2023, <a href=\"https:\/\/www.stcornierenfete.fr\/index.php\/2023\/05\/16\/photos-puces-moto-2023\/\"><strong>cliquez ici<\/strong><\/a><\/p>\n\n\n\n<p>Pour voir les photos de l&rsquo;\u00e9dition 2022, <a href=\"https:\/\/www.stcornierenfete.fr\/index.php\/2022\/05\/04\/photos-puces-moto-2022\/\"><strong>cliquez ici<\/strong><\/a><\/p>\n\n\n\n<p>Pour voir les photos de l&rsquo;\u00e9dition 2019, <a href=\"https:\/\/www.stcornierenfete.fr\/index.php\/2020\/02\/23\/photos-puces-moto-2019\/\"><strong>cliquez ici<\/strong><\/a><\/p>\n\n\n\n<p>Pour voir les vid\u00e9os de l&rsquo;\u00e9dition 2019, <strong><a href=\"https:\/\/www.stcornierenfete.fr\/index.php\/2020\/03\/20\/videos-puces-moto-2019\/\">cliquez ici<\/a><\/strong><\/p>\n","protected":false},"excerpt":{"rendered":"<p>Les Puces Moto \u00e0 St Cornier ? C&rsquo;est l&rsquo;une des plus grandes manifestations \/ brocantes pour les motards depuis 2002 !! Mais c&rsquo;est aussi un moment sympa \u00e0 partager en &#8230;<\/p>\n","protected":false},"author":1,"featured_media":0,"parent":0,"menu_order":0,"comment_status":"closed","ping_status":"closed","template":"","meta":{"footnotes":""},"class_list":["post-323","page","type-page","status-publish","hentry"],"yoast_head":"<!-- This site is optimized with the Yoast SEO plugin v27.5 - https:\/\/yoast.com\/product\/yoast-seo-wordpress\/ -->\n<title>Puces Moto - St Cornier en F\u00eate !<\/title>\n<meta name=\"robots\" content=\"index, follow, max-snippet:-1, max-image-preview:large, max-video-preview:-1\" \/>\n<link rel=\"canonical\" href=\"https:\/\/www.stcornierenfete.fr\/index.php\/puces-moto\/\" \/>\n<meta property=\"og:locale\" content=\"fr_FR\" \/>\n<meta property=\"og:type\" content=\"article\" \/>\n<meta property=\"og:title\" content=\"Puces Moto - St Cornier en F\u00eate !\" \/>\n<meta property=\"og:description\" content=\"Les Puces Moto \u00e0 St Cornier ? C&rsquo;est l&rsquo;une des plus grandes manifestations \/ brocantes pour les motards depuis 2002 !! Mais c&rsquo;est aussi un moment sympa \u00e0 partager en ...\" \/>\n<meta property=\"og:url\" content=\"https:\/\/www.stcornierenfete.fr\/index.php\/puces-moto\/\" \/>\n<meta property=\"og:site_name\" content=\"St Cornier en F\u00eate !\" \/>\n<meta property=\"article:modified_time\" content=\"2026-02-08T13:58:37+00:00\" \/>\n<meta property=\"og:image\" content=\"https:\/\/www.stcornierenfete.fr\/wp-content\/uploads\/2026\/02\/Puces-Moto-2026-1024x725.jpg\" \/>\n\t<meta property=\"og:image:width\" content=\"1024\" \/>\n\t<meta property=\"og:image:height\" content=\"725\" \/>\n\t<meta property=\"og:image:type\" content=\"image\/jpeg\" \/>\n<meta name=\"twitter:card\" content=\"summary_large_image\" \/>\n<meta name=\"twitter:label1\" content=\"Dur\u00e9e de lecture estim\u00e9e\" \/>\n\t<meta name=\"twitter:data1\" content=\"5 minutes\" \/>\n<script type=\"application\/ld+json\" class=\"yoast-schema-graph\">{\"@context\":\"https:\\\/\\\/schema.org\",\"@graph\":[{\"@type\":\"WebPage\",\"@id\":\"https:\\\/\\\/www.stcornierenfete.fr\\\/index.php\\\/puces-moto\\\/\",\"url\":\"https:\\\/\\\/www.stcornierenfete.fr\\\/index.php\\\/puces-moto\\\/\",\"name\":\"Puces Moto - St Cornier en F\u00eate !\",\"isPartOf\":{\"@id\":\"https:\\\/\\\/www.stcornierenfete.fr\\\/#website\"},\"primaryImageOfPage\":{\"@id\":\"https:\\\/\\\/www.stcornierenfete.fr\\\/index.php\\\/puces-moto\\\/#primaryimage\"},\"image\":{\"@id\":\"https:\\\/\\\/www.stcornierenfete.fr\\\/index.php\\\/puces-moto\\\/#primaryimage\"},\"thumbnailUrl\":\"https:\\\/\\\/www.stcornierenfete.fr\\\/wp-content\\\/uploads\\\/2026\\\/02\\\/Puces-Moto-2026-1024x725.jpg\",\"datePublished\":\"2020-03-18T11:11:40+00:00\",\"dateModified\":\"2026-02-08T13:58:37+00:00\",\"breadcrumb\":{\"@id\":\"https:\\\/\\\/www.stcornierenfete.fr\\\/index.php\\\/puces-moto\\\/#breadcrumb\"},\"inLanguage\":\"fr-FR\",\"potentialAction\":[{\"@type\":\"ReadAction\",\"target\":[\"https:\\\/\\\/www.stcornierenfete.fr\\\/index.php\\\/puces-moto\\\/\"]}]},{\"@type\":\"ImageObject\",\"inLanguage\":\"fr-FR\",\"@id\":\"https:\\\/\\\/www.stcornierenfete.fr\\\/index.php\\\/puces-moto\\\/#primaryimage\",\"url\":\"https:\\\/\\\/www.stcornierenfete.fr\\\/wp-content\\\/uploads\\\/2026\\\/02\\\/Puces-Moto-2026.jpg\",\"contentUrl\":\"https:\\\/\\\/www.stcornierenfete.fr\\\/wp-content\\\/uploads\\\/2026\\\/02\\\/Puces-Moto-2026.jpg\",\"width\":2480,\"height\":1755},{\"@type\":\"BreadcrumbList\",\"@id\":\"https:\\\/\\\/www.stcornierenfete.fr\\\/index.php\\\/puces-moto\\\/#breadcrumb\",\"itemListElement\":[{\"@type\":\"ListItem\",\"position\":1,\"name\":\"Accueil\",\"item\":\"https:\\\/\\\/www.stcornierenfete.fr\\\/\"},{\"@type\":\"ListItem\",\"position\":2,\"name\":\"Puces Moto\"}]},{\"@type\":\"WebSite\",\"@id\":\"https:\\\/\\\/www.stcornierenfete.fr\\\/#website\",\"url\":\"https:\\\/\\\/www.stcornierenfete.fr\\\/\",\"name\":\"St Cornier en F\u00eate !\",\"description\":\"Comit\u00e9 des f\u00eates de St Cornier des Landes\",\"publisher\":{\"@id\":\"https:\\\/\\\/www.stcornierenfete.fr\\\/#organization\"},\"potentialAction\":[{\"@type\":\"SearchAction\",\"target\":{\"@type\":\"EntryPoint\",\"urlTemplate\":\"https:\\\/\\\/www.stcornierenfete.fr\\\/?s={search_term_string}\"},\"query-input\":{\"@type\":\"PropertyValueSpecification\",\"valueRequired\":true,\"valueName\":\"search_term_string\"}}],\"inLanguage\":\"fr-FR\"},{\"@type\":\"Organization\",\"@id\":\"https:\\\/\\\/www.stcornierenfete.fr\\\/#organization\",\"name\":\"Comit\u00e9 des f\u00eates de St Cornier des Landes\",\"url\":\"https:\\\/\\\/www.stcornierenfete.fr\\\/\",\"logo\":{\"@type\":\"ImageObject\",\"inLanguage\":\"fr-FR\",\"@id\":\"https:\\\/\\\/www.stcornierenfete.fr\\\/#\\\/schema\\\/logo\\\/image\\\/\",\"url\":\"https:\\\/\\\/www.stcornierenfete.fr\\\/wp-content\\\/uploads\\\/2020\\\/02\\\/Logo-Comite-160-x-58.jpg\",\"contentUrl\":\"https:\\\/\\\/www.stcornierenfete.fr\\\/wp-content\\\/uploads\\\/2020\\\/02\\\/Logo-Comite-160-x-58.jpg\",\"width\":160,\"height\":58,\"caption\":\"Comit\u00e9 des f\u00eates de St Cornier des Landes\"},\"image\":{\"@id\":\"https:\\\/\\\/www.stcornierenfete.fr\\\/#\\\/schema\\\/logo\\\/image\\\/\"}}]}<\/script>\n<!-- \/ Yoast SEO plugin. -->","yoast_head_json":{"title":"Puces Moto - St Cornier en F\u00eate !","robots":{"index":"index","follow":"follow","max-snippet":"max-snippet:-1","max-image-preview":"max-image-preview:large","max-video-preview":"max-video-preview:-1"},"canonical":"https:\/\/www.stcornierenfete.fr\/index.php\/puces-moto\/","og_locale":"fr_FR","og_type":"article","og_title":"Puces Moto - St Cornier en F\u00eate !","og_description":"Les Puces Moto \u00e0 St Cornier ? C&rsquo;est l&rsquo;une des plus grandes manifestations \/ brocantes pour les motards depuis 2002 !! Mais c&rsquo;est aussi un moment sympa \u00e0 partager en ...","og_url":"https:\/\/www.stcornierenfete.fr\/index.php\/puces-moto\/","og_site_name":"St Cornier en F\u00eate !","article_modified_time":"2026-02-08T13:58:37+00:00","og_image":[{"width":1024,"height":725,"url":"https:\/\/www.stcornierenfete.fr\/wp-content\/uploads\/2026\/02\/Puces-Moto-2026-1024x725.jpg","type":"image\/jpeg"}],"twitter_card":"summary_large_image","twitter_misc":{"Dur\u00e9e de lecture estim\u00e9e":"5 minutes"},"schema":{"@context":"https:\/\/schema.org","@graph":[{"@type":"WebPage","@id":"https:\/\/www.stcornierenfete.fr\/index.php\/puces-moto\/","url":"https:\/\/www.stcornierenfete.fr\/index.php\/puces-moto\/","name":"Puces Moto - St Cornier en F\u00eate !","isPartOf":{"@id":"https:\/\/www.stcornierenfete.fr\/#website"},"primaryImageOfPage":{"@id":"https:\/\/www.stcornierenfete.fr\/index.php\/puces-moto\/#primaryimage"},"image":{"@id":"https:\/\/www.stcornierenfete.fr\/index.php\/puces-moto\/#primaryimage"},"thumbnailUrl":"https:\/\/www.stcornierenfete.fr\/wp-content\/uploads\/2026\/02\/Puces-Moto-2026-1024x725.jpg","datePublished":"2020-03-18T11:11:40+00:00","dateModified":"2026-02-08T13:58:37+00:00","breadcrumb":{"@id":"https:\/\/www.stcornierenfete.fr\/index.php\/puces-moto\/#breadcrumb"},"inLanguage":"fr-FR","potentialAction":[{"@type":"ReadAction","target":["https:\/\/www.stcornierenfete.fr\/index.php\/puces-moto\/"]}]},{"@type":"ImageObject","inLanguage":"fr-FR","@id":"https:\/\/www.stcornierenfete.fr\/index.php\/puces-moto\/#primaryimage","url":"https:\/\/www.stcornierenfete.fr\/wp-content\/uploads\/2026\/02\/Puces-Moto-2026.jpg","contentUrl":"https:\/\/www.stcornierenfete.fr\/wp-content\/uploads\/2026\/02\/Puces-Moto-2026.jpg","width":2480,"height":1755},{"@type":"BreadcrumbList","@id":"https:\/\/www.stcornierenfete.fr\/index.php\/puces-moto\/#breadcrumb","itemListElement":[{"@type":"ListItem","position":1,"name":"Accueil","item":"https:\/\/www.stcornierenfete.fr\/"},{"@type":"ListItem","position":2,"name":"Puces Moto"}]},{"@type":"WebSite","@id":"https:\/\/www.stcornierenfete.fr\/#website","url":"https:\/\/www.stcornierenfete.fr\/","name":"St Cornier en F\u00eate !","description":"Comit\u00e9 des f\u00eates de St Cornier des Landes","publisher":{"@id":"https:\/\/www.stcornierenfete.fr\/#organization"},"potentialAction":[{"@type":"SearchAction","target":{"@type":"EntryPoint","urlTemplate":"https:\/\/www.stcornierenfete.fr\/?s={search_term_string}"},"query-input":{"@type":"PropertyValueSpecification","valueRequired":true,"valueName":"search_term_string"}}],"inLanguage":"fr-FR"},{"@type":"Organization","@id":"https:\/\/www.stcornierenfete.fr\/#organization","name":"Comit\u00e9 des f\u00eates de St Cornier des Landes","url":"https:\/\/www.stcornierenfete.fr\/","logo":{"@type":"ImageObject","inLanguage":"fr-FR","@id":"https:\/\/www.stcornierenfete.fr\/#\/schema\/logo\/image\/","url":"https:\/\/www.stcornierenfete.fr\/wp-content\/uploads\/2020\/02\/Logo-Comite-160-x-58.jpg","contentUrl":"https:\/\/www.stcornierenfete.fr\/wp-content\/uploads\/2020\/02\/Logo-Comite-160-x-58.jpg","width":160,"height":58,"caption":"Comit\u00e9 des f\u00eates de St Cornier des Landes"},"image":{"@id":"https:\/\/www.stcornierenfete.fr\/#\/schema\/logo\/image\/"}}]}},"_links":{"self":[{"href":"https:\/\/www.stcornierenfete.fr\/index.php\/wp-json\/wp\/v2\/pages\/323","targetHints":{"allow":["GET"]}}],"collection":[{"href":"https:\/\/www.stcornierenfete.fr\/index.php\/wp-json\/wp\/v2\/pages"}],"about":[{"href":"https:\/\/www.stcornierenfete.fr\/index.php\/wp-json\/wp\/v2\/types\/page"}],"author":[{"embeddable":true,"href":"https:\/\/www.stcornierenfete.fr\/index.php\/wp-json\/wp\/v2\/users\/1"}],"replies":[{"embeddable":true,"href":"https:\/\/www.stcornierenfete.fr\/index.php\/wp-json\/wp\/v2\/comments?post=323"}],"version-history":[{"count":54,"href":"https:\/\/www.stcornierenfete.fr\/index.php\/wp-json\/wp\/v2\/pages\/323\/revisions"}],"predecessor-version":[{"id":1817,"href":"https:\/\/www.stcornierenfete.fr\/index.php\/wp-json\/wp\/v2\/pages\/323\/revisions\/1817"}],"wp:attachment":[{"href":"https:\/\/www.stcornierenfete.fr\/index.php\/wp-json\/wp\/v2\/media?parent=323"}],"curies":[{"name":"wp","href":"https:\/\/api.w.org\/{rel}","templated":true}]}}