{"id":678,"date":"2020-03-21T16:49:09","date_gmt":"2020-03-21T15:49:09","guid":{"rendered":"https:\/\/www.stcornierenfete.fr\/?page_id=678"},"modified":"2026-02-08T15:53:34","modified_gmt":"2026-02-08T14:53:34","slug":"soiree-des-sapins","status":"publish","type":"page","link":"https:\/\/www.stcornierenfete.fr\/index.php\/soiree-des-sapins\/","title":{"rendered":"Soir\u00e9e des sapins"},"content":{"rendered":"\n<p>La soir\u00e9e des sapins est organis\u00e9e le premier samedi de d\u00e9cembre de chaque ann\u00e9e.<\/p>\n\n\n\n<p>C&rsquo;est un moment festif pour se retrouver dans une ambiance conviviale avec ses voisins, ses amis et sa famille. Cette soir\u00e9e renforce le lien entre les habitants de St Cornier des Landes.<\/p>\n\n\n\n<p>Cette ann\u00e9e 2026, elle sera organis\u00e9e le samedi 5 d\u00e9cembre. N&rsquo;h\u00e9sitez pas \u00e0 vous renseigner aupr\u00e8s du comit\u00e9 des f\u00eates via la page \u00ab\u00a0<a href=\"https:\/\/www.stcornierenfete.fr\/index.php\/nous-contacter\/\"><strong>Nous contacter<\/strong><\/a>\u00a0\u00bb si vous souhaitez obtenir des informations et\/ou acheter des billets d&rsquo;entr\u00e9e. Les places sont limit\u00e9es.<\/p>\n\n\n\n<p>Attention, <u><strong>cette soir\u00e9e qui est priv\u00e9e<\/strong><\/u>, est accessible <u><strong>uniquement<\/strong><\/u> aux personnes ayant achet\u00e9es un billet aupr\u00e8s du comit\u00e9 des f\u00eates avant le d\u00e9roulement de la soir\u00e9e. Dans le cas contraire, toute entr\u00e9e est <u><strong>strictement interdite au public.<\/strong><\/u><\/p>\n\n\n\n<figure class=\"wp-block-gallery has-nested-images columns-default is-cropped wp-block-gallery-1 is-layout-flex wp-block-gallery-is-layout-flex\">\n<figure class=\"wp-block-image size-large\"><img loading=\"lazy\" decoding=\"async\" width=\"768\" height=\"1024\" data-id=\"1044\" src=\"https:\/\/www.stcornierenfete.fr\/wp-content\/uploads\/2022\/12\/20221202_225056-768x1024.jpg\" alt=\"\" class=\"wp-image-1044\" srcset=\"https:\/\/www.stcornierenfete.fr\/wp-content\/uploads\/2022\/12\/20221202_225056-768x1024.jpg 768w, https:\/\/www.stcornierenfete.fr\/wp-content\/uploads\/2022\/12\/20221202_225056-225x300.jpg 225w, https:\/\/www.stcornierenfete.fr\/wp-content\/uploads\/2022\/12\/20221202_225056-1152x1536.jpg 1152w, https:\/\/www.stcornierenfete.fr\/wp-content\/uploads\/2022\/12\/20221202_225056-1536x2048.jpg 1536w, https:\/\/www.stcornierenfete.fr\/wp-content\/uploads\/2022\/12\/20221202_225056-scaled.jpg 1920w\" sizes=\"auto, (max-width: 768px) 100vw, 768px\" \/><\/figure>\n\n\n\n<figure class=\"wp-block-image size-large\"><img loading=\"lazy\" decoding=\"async\" width=\"1024\" height=\"768\" data-id=\"691\" src=\"https:\/\/www.stcornierenfete.fr\/wp-content\/uploads\/2020\/03\/DSCF2393-1024x768.jpg\" alt=\"\" class=\"wp-image-691\" srcset=\"https:\/\/www.stcornierenfete.fr\/wp-content\/uploads\/2020\/03\/DSCF2393-1024x768.jpg 1024w, https:\/\/www.stcornierenfete.fr\/wp-content\/uploads\/2020\/03\/DSCF2393-300x225.jpg 300w, https:\/\/www.stcornierenfete.fr\/wp-content\/uploads\/2020\/03\/DSCF2393-768x576.jpg 768w, https:\/\/www.stcornierenfete.fr\/wp-content\/uploads\/2020\/03\/DSCF2393-1536x1152.jpg 1536w, https:\/\/www.stcornierenfete.fr\/wp-content\/uploads\/2020\/03\/DSCF2393-2048x1536.jpg 2048w\" sizes=\"auto, (max-width: 1024px) 100vw, 1024px\" \/><\/figure>\n\n\n\n<figure class=\"wp-block-image size-large\"><img loading=\"lazy\" decoding=\"async\" width=\"1024\" height=\"768\" data-id=\"693\" src=\"https:\/\/www.stcornierenfete.fr\/wp-content\/uploads\/2020\/03\/DSCF2396-1024x768.jpg\" alt=\"\" class=\"wp-image-693\" srcset=\"https:\/\/www.stcornierenfete.fr\/wp-content\/uploads\/2020\/03\/DSCF2396-1024x768.jpg 1024w, https:\/\/www.stcornierenfete.fr\/wp-content\/uploads\/2020\/03\/DSCF2396-300x225.jpg 300w, https:\/\/www.stcornierenfete.fr\/wp-content\/uploads\/2020\/03\/DSCF2396-768x576.jpg 768w, https:\/\/www.stcornierenfete.fr\/wp-content\/uploads\/2020\/03\/DSCF2396-1536x1152.jpg 1536w, https:\/\/www.stcornierenfete.fr\/wp-content\/uploads\/2020\/03\/DSCF2396-2048x1536.jpg 2048w\" sizes=\"auto, (max-width: 1024px) 100vw, 1024px\" \/><\/figure>\n\n\n\n<figure class=\"wp-block-image size-large\"><img loading=\"lazy\" decoding=\"async\" width=\"1024\" height=\"768\" data-id=\"695\" src=\"https:\/\/www.stcornierenfete.fr\/wp-content\/uploads\/2020\/03\/DSCF2398-1024x768.jpg\" alt=\"\" class=\"wp-image-695\" srcset=\"https:\/\/www.stcornierenfete.fr\/wp-content\/uploads\/2020\/03\/DSCF2398-1024x768.jpg 1024w, https:\/\/www.stcornierenfete.fr\/wp-content\/uploads\/2020\/03\/DSCF2398-300x225.jpg 300w, https:\/\/www.stcornierenfete.fr\/wp-content\/uploads\/2020\/03\/DSCF2398-768x576.jpg 768w, https:\/\/www.stcornierenfete.fr\/wp-content\/uploads\/2020\/03\/DSCF2398-1536x1152.jpg 1536w, https:\/\/www.stcornierenfete.fr\/wp-content\/uploads\/2020\/03\/DSCF2398-2048x1536.jpg 2048w\" sizes=\"auto, (max-width: 1024px) 100vw, 1024px\" \/><\/figure>\n\n\n\n<figure class=\"wp-block-image size-large\"><img loading=\"lazy\" decoding=\"async\" width=\"1024\" height=\"768\" data-id=\"696\" src=\"https:\/\/www.stcornierenfete.fr\/wp-content\/uploads\/2020\/03\/DSCF2403-1024x768.jpg\" alt=\"\" class=\"wp-image-696\" srcset=\"https:\/\/www.stcornierenfete.fr\/wp-content\/uploads\/2020\/03\/DSCF2403-1024x768.jpg 1024w, https:\/\/www.stcornierenfete.fr\/wp-content\/uploads\/2020\/03\/DSCF2403-300x225.jpg 300w, https:\/\/www.stcornierenfete.fr\/wp-content\/uploads\/2020\/03\/DSCF2403-768x576.jpg 768w, https:\/\/www.stcornierenfete.fr\/wp-content\/uploads\/2020\/03\/DSCF2403-1536x1152.jpg 1536w, https:\/\/www.stcornierenfete.fr\/wp-content\/uploads\/2020\/03\/DSCF2403-2048x1536.jpg 2048w\" sizes=\"auto, (max-width: 1024px) 100vw, 1024px\" \/><\/figure>\n\n\n\n<figure class=\"wp-block-image size-large\"><img loading=\"lazy\" decoding=\"async\" width=\"1024\" height=\"768\" data-id=\"697\" src=\"https:\/\/www.stcornierenfete.fr\/wp-content\/uploads\/2020\/03\/DSCF2405-1024x768.jpg\" alt=\"\" class=\"wp-image-697\" srcset=\"https:\/\/www.stcornierenfete.fr\/wp-content\/uploads\/2020\/03\/DSCF2405-1024x768.jpg 1024w, https:\/\/www.stcornierenfete.fr\/wp-content\/uploads\/2020\/03\/DSCF2405-300x225.jpg 300w, https:\/\/www.stcornierenfete.fr\/wp-content\/uploads\/2020\/03\/DSCF2405-768x576.jpg 768w, https:\/\/www.stcornierenfete.fr\/wp-content\/uploads\/2020\/03\/DSCF2405-1536x1152.jpg 1536w, https:\/\/www.stcornierenfete.fr\/wp-content\/uploads\/2020\/03\/DSCF2405-2048x1536.jpg 2048w\" sizes=\"auto, (max-width: 1024px) 100vw, 1024px\" \/><\/figure>\n<\/figure>\n\n\n\n<hr class=\"wp-block-separator has-css-opacity is-style-wide\"\/>\n","protected":false},"excerpt":{"rendered":"<p>La soir\u00e9e des sapins est organis\u00e9e le premier samedi de d\u00e9cembre de chaque ann\u00e9e. C&rsquo;est un moment festif pour se retrouver dans une ambiance conviviale avec ses voisins, ses amis &#8230;<\/p>\n","protected":false},"author":1,"featured_media":0,"parent":0,"menu_order":0,"comment_status":"closed","ping_status":"closed","template":"","meta":{"footnotes":""},"class_list":["post-678","page","type-page","status-publish","hentry"],"yoast_head":"<!-- This site is optimized with the Yoast SEO plugin v27.5 - https:\/\/yoast.com\/product\/yoast-seo-wordpress\/ -->\n<title>Soir\u00e9e des sapins - St Cornier en F\u00eate !<\/title>\n<meta name=\"description\" content=\"Occasions accessibles aux habitants de la commune de St Cornier des Landes, qui permettent de se retrouver dans une ambiance conviviale.\" \/>\n<meta name=\"robots\" content=\"index, follow, max-snippet:-1, max-image-preview:large, max-video-preview:-1\" \/>\n<link rel=\"canonical\" href=\"https:\/\/www.stcornierenfete.fr\/index.php\/soiree-des-sapins\/\" \/>\n<meta property=\"og:locale\" content=\"fr_FR\" \/>\n<meta property=\"og:type\" content=\"article\" \/>\n<meta property=\"og:title\" content=\"Soir\u00e9e des sapins - St Cornier en F\u00eate !\" \/>\n<meta property=\"og:description\" content=\"Occasions accessibles aux habitants de la commune de St Cornier des Landes, qui permettent de se retrouver dans une ambiance conviviale.\" \/>\n<meta property=\"og:url\" content=\"https:\/\/www.stcornierenfete.fr\/index.php\/soiree-des-sapins\/\" \/>\n<meta property=\"og:site_name\" content=\"St Cornier en F\u00eate !\" \/>\n<meta property=\"article:modified_time\" content=\"2026-02-08T14:53:34+00:00\" \/>\n<meta property=\"og:image\" content=\"https:\/\/www.stcornierenfete.fr\/wp-content\/uploads\/2022\/12\/20221202_225056-scaled.jpg\" \/>\n\t<meta property=\"og:image:width\" content=\"1920\" \/>\n\t<meta property=\"og:image:height\" content=\"2560\" \/>\n\t<meta property=\"og:image:type\" content=\"image\/jpeg\" \/>\n<meta name=\"twitter:card\" content=\"summary_large_image\" \/>\n<meta name=\"twitter:label1\" content=\"Dur\u00e9e de lecture estim\u00e9e\" \/>\n\t<meta name=\"twitter:data1\" content=\"2 minutes\" \/>\n<script type=\"application\/ld+json\" class=\"yoast-schema-graph\">{\"@context\":\"https:\\\/\\\/schema.org\",\"@graph\":[{\"@type\":\"WebPage\",\"@id\":\"https:\\\/\\\/www.stcornierenfete.fr\\\/index.php\\\/soiree-des-sapins\\\/\",\"url\":\"https:\\\/\\\/www.stcornierenfete.fr\\\/index.php\\\/soiree-des-sapins\\\/\",\"name\":\"Soir\u00e9e des sapins - St Cornier en F\u00eate !\",\"isPartOf\":{\"@id\":\"https:\\\/\\\/www.stcornierenfete.fr\\\/#website\"},\"primaryImageOfPage\":{\"@id\":\"https:\\\/\\\/www.stcornierenfete.fr\\\/index.php\\\/soiree-des-sapins\\\/#primaryimage\"},\"image\":{\"@id\":\"https:\\\/\\\/www.stcornierenfete.fr\\\/index.php\\\/soiree-des-sapins\\\/#primaryimage\"},\"thumbnailUrl\":\"https:\\\/\\\/www.stcornierenfete.fr\\\/wp-content\\\/uploads\\\/2022\\\/12\\\/20221202_225056-768x1024.jpg\",\"datePublished\":\"2020-03-21T15:49:09+00:00\",\"dateModified\":\"2026-02-08T14:53:34+00:00\",\"description\":\"Occasions accessibles aux habitants de la commune de St Cornier des Landes, qui permettent de se retrouver dans une ambiance conviviale.\",\"breadcrumb\":{\"@id\":\"https:\\\/\\\/www.stcornierenfete.fr\\\/index.php\\\/soiree-des-sapins\\\/#breadcrumb\"},\"inLanguage\":\"fr-FR\",\"potentialAction\":[{\"@type\":\"ReadAction\",\"target\":[\"https:\\\/\\\/www.stcornierenfete.fr\\\/index.php\\\/soiree-des-sapins\\\/\"]}]},{\"@type\":\"ImageObject\",\"inLanguage\":\"fr-FR\",\"@id\":\"https:\\\/\\\/www.stcornierenfete.fr\\\/index.php\\\/soiree-des-sapins\\\/#primaryimage\",\"url\":\"https:\\\/\\\/www.stcornierenfete.fr\\\/wp-content\\\/uploads\\\/2022\\\/12\\\/20221202_225056-scaled.jpg\",\"contentUrl\":\"https:\\\/\\\/www.stcornierenfete.fr\\\/wp-content\\\/uploads\\\/2022\\\/12\\\/20221202_225056-scaled.jpg\",\"width\":1920,\"height\":2560},{\"@type\":\"BreadcrumbList\",\"@id\":\"https:\\\/\\\/www.stcornierenfete.fr\\\/index.php\\\/soiree-des-sapins\\\/#breadcrumb\",\"itemListElement\":[{\"@type\":\"ListItem\",\"position\":1,\"name\":\"Accueil\",\"item\":\"https:\\\/\\\/www.stcornierenfete.fr\\\/\"},{\"@type\":\"ListItem\",\"position\":2,\"name\":\"Soir\u00e9e des sapins\"}]},{\"@type\":\"WebSite\",\"@id\":\"https:\\\/\\\/www.stcornierenfete.fr\\\/#website\",\"url\":\"https:\\\/\\\/www.stcornierenfete.fr\\\/\",\"name\":\"St Cornier en F\u00eate !\",\"description\":\"Comit\u00e9 des f\u00eates de St Cornier des Landes\",\"publisher\":{\"@id\":\"https:\\\/\\\/www.stcornierenfete.fr\\\/#organization\"},\"potentialAction\":[{\"@type\":\"SearchAction\",\"target\":{\"@type\":\"EntryPoint\",\"urlTemplate\":\"https:\\\/\\\/www.stcornierenfete.fr\\\/?s={search_term_string}\"},\"query-input\":{\"@type\":\"PropertyValueSpecification\",\"valueRequired\":true,\"valueName\":\"search_term_string\"}}],\"inLanguage\":\"fr-FR\"},{\"@type\":\"Organization\",\"@id\":\"https:\\\/\\\/www.stcornierenfete.fr\\\/#organization\",\"name\":\"Comit\u00e9 des f\u00eates de St Cornier des Landes\",\"url\":\"https:\\\/\\\/www.stcornierenfete.fr\\\/\",\"logo\":{\"@type\":\"ImageObject\",\"inLanguage\":\"fr-FR\",\"@id\":\"https:\\\/\\\/www.stcornierenfete.fr\\\/#\\\/schema\\\/logo\\\/image\\\/\",\"url\":\"https:\\\/\\\/www.stcornierenfete.fr\\\/wp-content\\\/uploads\\\/2020\\\/02\\\/Logo-Comite-160-x-58.jpg\",\"contentUrl\":\"https:\\\/\\\/www.stcornierenfete.fr\\\/wp-content\\\/uploads\\\/2020\\\/02\\\/Logo-Comite-160-x-58.jpg\",\"width\":160,\"height\":58,\"caption\":\"Comit\u00e9 des f\u00eates de St Cornier des Landes\"},\"image\":{\"@id\":\"https:\\\/\\\/www.stcornierenfete.fr\\\/#\\\/schema\\\/logo\\\/image\\\/\"}}]}<\/script>\n<!-- \/ Yoast SEO plugin. -->","yoast_head_json":{"title":"Soir\u00e9e des sapins - St Cornier en F\u00eate !","description":"Occasions accessibles aux habitants de la commune de St Cornier des Landes, qui permettent de se retrouver dans une ambiance conviviale.","robots":{"index":"index","follow":"follow","max-snippet":"max-snippet:-1","max-image-preview":"max-image-preview:large","max-video-preview":"max-video-preview:-1"},"canonical":"https:\/\/www.stcornierenfete.fr\/index.php\/soiree-des-sapins\/","og_locale":"fr_FR","og_type":"article","og_title":"Soir\u00e9e des sapins - St Cornier en F\u00eate !","og_description":"Occasions accessibles aux habitants de la commune de St Cornier des Landes, qui permettent de se retrouver dans une ambiance conviviale.","og_url":"https:\/\/www.stcornierenfete.fr\/index.php\/soiree-des-sapins\/","og_site_name":"St Cornier en F\u00eate !","article_modified_time":"2026-02-08T14:53:34+00:00","og_image":[{"width":1920,"height":2560,"url":"https:\/\/www.stcornierenfete.fr\/wp-content\/uploads\/2022\/12\/20221202_225056-scaled.jpg","type":"image\/jpeg"}],"twitter_card":"summary_large_image","twitter_misc":{"Dur\u00e9e de lecture estim\u00e9e":"2 minutes"},"schema":{"@context":"https:\/\/schema.org","@graph":[{"@type":"WebPage","@id":"https:\/\/www.stcornierenfete.fr\/index.php\/soiree-des-sapins\/","url":"https:\/\/www.stcornierenfete.fr\/index.php\/soiree-des-sapins\/","name":"Soir\u00e9e des sapins - St Cornier en F\u00eate !","isPartOf":{"@id":"https:\/\/www.stcornierenfete.fr\/#website"},"primaryImageOfPage":{"@id":"https:\/\/www.stcornierenfete.fr\/index.php\/soiree-des-sapins\/#primaryimage"},"image":{"@id":"https:\/\/www.stcornierenfete.fr\/index.php\/soiree-des-sapins\/#primaryimage"},"thumbnailUrl":"https:\/\/www.stcornierenfete.fr\/wp-content\/uploads\/2022\/12\/20221202_225056-768x1024.jpg","datePublished":"2020-03-21T15:49:09+00:00","dateModified":"2026-02-08T14:53:34+00:00","description":"Occasions accessibles aux habitants de la commune de St Cornier des Landes, qui permettent de se retrouver dans une ambiance conviviale.","breadcrumb":{"@id":"https:\/\/www.stcornierenfete.fr\/index.php\/soiree-des-sapins\/#breadcrumb"},"inLanguage":"fr-FR","potentialAction":[{"@type":"ReadAction","target":["https:\/\/www.stcornierenfete.fr\/index.php\/soiree-des-sapins\/"]}]},{"@type":"ImageObject","inLanguage":"fr-FR","@id":"https:\/\/www.stcornierenfete.fr\/index.php\/soiree-des-sapins\/#primaryimage","url":"https:\/\/www.stcornierenfete.fr\/wp-content\/uploads\/2022\/12\/20221202_225056-scaled.jpg","contentUrl":"https:\/\/www.stcornierenfete.fr\/wp-content\/uploads\/2022\/12\/20221202_225056-scaled.jpg","width":1920,"height":2560},{"@type":"BreadcrumbList","@id":"https:\/\/www.stcornierenfete.fr\/index.php\/soiree-des-sapins\/#breadcrumb","itemListElement":[{"@type":"ListItem","position":1,"name":"Accueil","item":"https:\/\/www.stcornierenfete.fr\/"},{"@type":"ListItem","position":2,"name":"Soir\u00e9e des sapins"}]},{"@type":"WebSite","@id":"https:\/\/www.stcornierenfete.fr\/#website","url":"https:\/\/www.stcornierenfete.fr\/","name":"St Cornier en F\u00eate !","description":"Comit\u00e9 des f\u00eates de St Cornier des Landes","publisher":{"@id":"https:\/\/www.stcornierenfete.fr\/#organization"},"potentialAction":[{"@type":"SearchAction","target":{"@type":"EntryPoint","urlTemplate":"https:\/\/www.stcornierenfete.fr\/?s={search_term_string}"},"query-input":{"@type":"PropertyValueSpecification","valueRequired":true,"valueName":"search_term_string"}}],"inLanguage":"fr-FR"},{"@type":"Organization","@id":"https:\/\/www.stcornierenfete.fr\/#organization","name":"Comit\u00e9 des f\u00eates de St Cornier des Landes","url":"https:\/\/www.stcornierenfete.fr\/","logo":{"@type":"ImageObject","inLanguage":"fr-FR","@id":"https:\/\/www.stcornierenfete.fr\/#\/schema\/logo\/image\/","url":"https:\/\/www.stcornierenfete.fr\/wp-content\/uploads\/2020\/02\/Logo-Comite-160-x-58.jpg","contentUrl":"https:\/\/www.stcornierenfete.fr\/wp-content\/uploads\/2020\/02\/Logo-Comite-160-x-58.jpg","width":160,"height":58,"caption":"Comit\u00e9 des f\u00eates de St Cornier des Landes"},"image":{"@id":"https:\/\/www.stcornierenfete.fr\/#\/schema\/logo\/image\/"}}]}},"_links":{"self":[{"href":"https:\/\/www.stcornierenfete.fr\/index.php\/wp-json\/wp\/v2\/pages\/678","targetHints":{"allow":["GET"]}}],"collection":[{"href":"https:\/\/www.stcornierenfete.fr\/index.php\/wp-json\/wp\/v2\/pages"}],"about":[{"href":"https:\/\/www.stcornierenfete.fr\/index.php\/wp-json\/wp\/v2\/types\/page"}],"author":[{"embeddable":true,"href":"https:\/\/www.stcornierenfete.fr\/index.php\/wp-json\/wp\/v2\/users\/1"}],"replies":[{"embeddable":true,"href":"https:\/\/www.stcornierenfete.fr\/index.php\/wp-json\/wp\/v2\/comments?post=678"}],"version-history":[{"count":11,"href":"https:\/\/www.stcornierenfete.fr\/index.php\/wp-json\/wp\/v2\/pages\/678\/revisions"}],"predecessor-version":[{"id":1843,"href":"https:\/\/www.stcornierenfete.fr\/index.php\/wp-json\/wp\/v2\/pages\/678\/revisions\/1843"}],"wp:attachment":[{"href":"https:\/\/www.stcornierenfete.fr\/index.php\/wp-json\/wp\/v2\/media?parent=678"}],"curies":[{"name":"wp","href":"https:\/\/api.w.org\/{rel}","templated":true}]}}